{"id":32780,"date":"2023-10-31T10:37:56","date_gmt":"2023-10-31T10:37:56","guid":{"rendered":"https:\/\/tattini.dotstage.net\/prodotto\/coussin-en-gel-de-tattini-avec-elevation-a-lavant\/"},"modified":"2024-02-02T16:38:33","modified_gmt":"2024-02-02T16:38:33","slug":"amortisseur-sureleve-en-gel-tattini","status":"publish","type":"product","link":"https:\/\/tattini.dotstage.net\/fr\/produit\/amortisseur-sureleve-en-gel-tattini\/","title":{"rendered":"Amortisseur sur\u00e9lev\u00e9 en gel Tattini"},"content":{"rendered":"","protected":false},"excerpt":{"rendered":"<p>R\u00e9alis\u00e9 avec un gel sp\u00e9cial, tr\u00e8s souple, confortable et r\u00e9sistant \u00e0 la fois. Avant sur\u00e9lev\u00e9 pour plus de confort. Avec des trous pour la transpiration du cheval.<\/p>\n","protected":false},"featured_media":15436,"template":"","meta":[],"product_cat":[876,894],"product_tag":[],"_links":{"self":[{"href":"https:\/\/tattini.dotstage.net\/fr\/wp-json\/wp\/v2\/product\/32780"}],"collection":[{"href":"https:\/\/tattini.dotstage.net\/fr\/wp-json\/wp\/v2\/product"}],"about":[{"href":"https:\/\/tattini.dotstage.net\/fr\/wp-json\/wp\/v2\/types\/product"}],"version-history":[{"count":0,"href":"https:\/\/tattini.dotstage.net\/fr\/wp-json\/wp\/v2\/product\/32780\/revisions"}],"wp:featuredmedia":[{"embeddable":true,"href":"https:\/\/tattini.dotstage.net\/fr\/wp-json\/wp\/v2\/media\/15436"}],"wp:attachment":[{"href":"https:\/\/tattini.dotstage.net\/fr\/wp-json\/wp\/v2\/media?parent=32780"}],"wp:term":[{"taxonomy":"product_cat","embeddable":true,"href":"https:\/\/tattini.dotstage.net\/fr\/wp-json\/wp\/v2\/product_cat?post=32780"},{"taxonomy":"product_tag","embeddable":true,"href":"https:\/\/tattini.dotstage.net\/fr\/wp-json\/wp\/v2\/product_tag?post=32780"}],"curies":[{"name":"wp","href":"https:\/\/api.w.org\/{rel}","templated":true}]}}