{"id":32715,"date":"2023-10-31T10:38:29","date_gmt":"2023-10-31T10:38:29","guid":{"rendered":"https:\/\/tattini.dotstage.net\/prodotto\/tete-de-lit-tattini\/"},"modified":"2024-02-02T16:38:28","modified_gmt":"2024-02-02T16:38:28","slug":"bridon-tattini","status":"publish","type":"product","link":"https:\/\/tattini.dotstage.net\/fr\/produit\/bridon-tattini\/","title":{"rendered":"Bridon Tattini"},"content":{"rendered":"","protected":false},"excerpt":{"rendered":"<p>R\u00e9alis\u00e9e dans le nouveau cuir tann\u00e9 100% v\u00e9g\u00e9tale, sans chrome, sans substances nocives et non allerg\u00e8ne. Equip\u00e9e de muserolle et frontal crois\u00e9s et bomb\u00e9s. R\u00eanes avec doublure en caoutchouc souple.<\/p>\n","protected":false},"featured_media":15592,"template":"","meta":[],"product_cat":[900,876],"product_tag":[],"_links":{"self":[{"href":"https:\/\/tattini.dotstage.net\/fr\/wp-json\/wp\/v2\/product\/32715"}],"collection":[{"href":"https:\/\/tattini.dotstage.net\/fr\/wp-json\/wp\/v2\/product"}],"about":[{"href":"https:\/\/tattini.dotstage.net\/fr\/wp-json\/wp\/v2\/types\/product"}],"version-history":[{"count":0,"href":"https:\/\/tattini.dotstage.net\/fr\/wp-json\/wp\/v2\/product\/32715\/revisions"}],"wp:featuredmedia":[{"embeddable":true,"href":"https:\/\/tattini.dotstage.net\/fr\/wp-json\/wp\/v2\/media\/15592"}],"wp:attachment":[{"href":"https:\/\/tattini.dotstage.net\/fr\/wp-json\/wp\/v2\/media?parent=32715"}],"wp:term":[{"taxonomy":"product_cat","embeddable":true,"href":"https:\/\/tattini.dotstage.net\/fr\/wp-json\/wp\/v2\/product_cat?post=32715"},{"taxonomy":"product_tag","embeddable":true,"href":"https:\/\/tattini.dotstage.net\/fr\/wp-json\/wp\/v2\/product_tag?post=32715"}],"curies":[{"name":"wp","href":"https:\/\/api.w.org\/{rel}","templated":true}]}}