{"id":32699,"date":"2023-10-31T10:38:14","date_gmt":"2023-10-31T10:38:14","guid":{"rendered":"https:\/\/tattini.dotstage.net\/prodotto\/supports-adultes\/"},"modified":"2024-02-02T16:38:30","modified_gmt":"2024-02-02T16:38:30","slug":"etriers-adulte","status":"publish","type":"product","link":"https:\/\/tattini.dotstage.net\/fr\/produit\/etriers-adulte\/","title":{"rendered":"\u00c9triers (adulte)"},"content":{"rendered":"","protected":false},"excerpt":{"rendered":"<p>Synth\u00e9tiques, l\u00e9gers. Avec semelles.<\/p>\n","protected":false},"featured_media":15523,"template":"","meta":[],"product_cat":[876,897],"product_tag":[],"_links":{"self":[{"href":"https:\/\/tattini.dotstage.net\/fr\/wp-json\/wp\/v2\/product\/32699"}],"collection":[{"href":"https:\/\/tattini.dotstage.net\/fr\/wp-json\/wp\/v2\/product"}],"about":[{"href":"https:\/\/tattini.dotstage.net\/fr\/wp-json\/wp\/v2\/types\/product"}],"version-history":[{"count":0,"href":"https:\/\/tattini.dotstage.net\/fr\/wp-json\/wp\/v2\/product\/32699\/revisions"}],"wp:featuredmedia":[{"embeddable":true,"href":"https:\/\/tattini.dotstage.net\/fr\/wp-json\/wp\/v2\/media\/15523"}],"wp:attachment":[{"href":"https:\/\/tattini.dotstage.net\/fr\/wp-json\/wp\/v2\/media?parent=32699"}],"wp:term":[{"taxonomy":"product_cat","embeddable":true,"href":"https:\/\/tattini.dotstage.net\/fr\/wp-json\/wp\/v2\/product_cat?post=32699"},{"taxonomy":"product_tag","embeddable":true,"href":"https:\/\/tattini.dotstage.net\/fr\/wp-json\/wp\/v2\/product_tag?post=32699"}],"curies":[{"name":"wp","href":"https:\/\/api.w.org\/{rel}","templated":true}]}}