{"id":32677,"date":"2023-10-31T10:37:58","date_gmt":"2023-10-31T10:37:58","guid":{"rendered":"https:\/\/tattini.dotstage.net\/prodotto\/tapis-de-selle-daslo-gold\/"},"modified":"2024-02-02T16:38:33","modified_gmt":"2024-02-02T16:38:33","slug":"chabraque-daslo-gold","status":"publish","type":"product","link":"https:\/\/tattini.dotstage.net\/fr\/produit\/chabraque-daslo-gold\/","title":{"rendered":"Chabraque Dasl\u00f6 gold"},"content":{"rendered":"","protected":false},"excerpt":{"rendered":"<p>En polyester avec surpiq\u00fbre \u00e0 carreaux 7&#215;7, rembourrage en mousse 12 mm et 220 gr polyfil. Doublure respirante en nid d\u2019abeille, finition ruban en contraste.<\/p>\n","protected":false},"featured_media":15448,"template":"","meta":[],"product_cat":[876,882],"product_tag":[],"_links":{"self":[{"href":"https:\/\/tattini.dotstage.net\/fr\/wp-json\/wp\/v2\/product\/32677"}],"collection":[{"href":"https:\/\/tattini.dotstage.net\/fr\/wp-json\/wp\/v2\/product"}],"about":[{"href":"https:\/\/tattini.dotstage.net\/fr\/wp-json\/wp\/v2\/types\/product"}],"version-history":[{"count":0,"href":"https:\/\/tattini.dotstage.net\/fr\/wp-json\/wp\/v2\/product\/32677\/revisions"}],"wp:featuredmedia":[{"embeddable":true,"href":"https:\/\/tattini.dotstage.net\/fr\/wp-json\/wp\/v2\/media\/15448"}],"wp:attachment":[{"href":"https:\/\/tattini.dotstage.net\/fr\/wp-json\/wp\/v2\/media?parent=32677"}],"wp:term":[{"taxonomy":"product_cat","embeddable":true,"href":"https:\/\/tattini.dotstage.net\/fr\/wp-json\/wp\/v2\/product_cat?post=32677"},{"taxonomy":"product_tag","embeddable":true,"href":"https:\/\/tattini.dotstage.net\/fr\/wp-json\/wp\/v2\/product_tag?post=32677"}],"curies":[{"name":"wp","href":"https:\/\/api.w.org\/{rel}","templated":true}]}}