{"id":32655,"date":"2023-10-31T10:38:30","date_gmt":"2023-10-31T10:38:30","guid":{"rendered":"https:\/\/tattini.dotstage.net\/prodotto\/tete-de-lit-natowa-2\/"},"modified":"2024-02-02T16:38:28","modified_gmt":"2024-02-02T16:38:28","slug":"tetiere-natowa-2","status":"publish","type":"product","link":"https:\/\/tattini.dotstage.net\/fr\/produit\/tetiere-natowa-2\/","title":{"rendered":"Tetiere Natowa"},"content":{"rendered":"","protected":false},"excerpt":{"rendered":"<p>Avec r\u00eanes, \u00e0 assortir \u00e0 la selle Nr. 141.<\/p>\n","protected":false},"featured_media":15601,"template":"","meta":[],"product_cat":[927,903],"product_tag":[],"_links":{"self":[{"href":"https:\/\/tattini.dotstage.net\/fr\/wp-json\/wp\/v2\/product\/32655"}],"collection":[{"href":"https:\/\/tattini.dotstage.net\/fr\/wp-json\/wp\/v2\/product"}],"about":[{"href":"https:\/\/tattini.dotstage.net\/fr\/wp-json\/wp\/v2\/types\/product"}],"version-history":[{"count":0,"href":"https:\/\/tattini.dotstage.net\/fr\/wp-json\/wp\/v2\/product\/32655\/revisions"}],"wp:featuredmedia":[{"embeddable":true,"href":"https:\/\/tattini.dotstage.net\/fr\/wp-json\/wp\/v2\/media\/15601"}],"wp:attachment":[{"href":"https:\/\/tattini.dotstage.net\/fr\/wp-json\/wp\/v2\/media?parent=32655"}],"wp:term":[{"taxonomy":"product_cat","embeddable":true,"href":"https:\/\/tattini.dotstage.net\/fr\/wp-json\/wp\/v2\/product_cat?post=32655"},{"taxonomy":"product_tag","embeddable":true,"href":"https:\/\/tattini.dotstage.net\/fr\/wp-json\/wp\/v2\/product_tag?post=32655"}],"curies":[{"name":"wp","href":"https:\/\/api.w.org\/{rel}","templated":true}]}}