{"id":32638,"date":"2023-10-31T10:37:58","date_gmt":"2023-10-31T10:37:58","guid":{"rendered":"https:\/\/tattini.dotstage.net\/prodotto\/oreiller-a-memoire-de-forme-tattini\/"},"modified":"2024-02-02T16:38:33","modified_gmt":"2024-02-02T16:38:33","slug":"amortisseur-tattini-en-memory","status":"publish","type":"product","link":"https:\/\/tattini.dotstage.net\/fr\/produit\/amortisseur-tattini-en-memory\/","title":{"rendered":"AMORTISSEUR TATTINI EN MEMORY"},"content":{"rendered":"","protected":false},"excerpt":{"rendered":"<p>Nouveau amortisseur en Memory pour am\u00e9liorer l&rsquo;adh\u00e9rence entre le dos du cheval et la selle, avec doublure Coolmax et rev\u00eatement en n\u00e9opr\u00e8ne. La Memory est une mousse de polyur\u00e9thane de haute technologie qui change par rapport \u00e0 la chaleur corporelle, en s\u2019adaptant \u00e0 la courbure du corps du cheval. La doublure Coolmax, confortable, souple et l\u00e9g\u00e8re au toucher, contr\u00f4le et ajuste rapidement la temp\u00e9rature en \u00e9liminant rapidement l&rsquo;humidit\u00e9 et en gardant le corps sec et frais.<\/p>\n","protected":false},"featured_media":15445,"template":"","meta":[],"product_cat":[876,894],"product_tag":[],"_links":{"self":[{"href":"https:\/\/tattini.dotstage.net\/fr\/wp-json\/wp\/v2\/product\/32638"}],"collection":[{"href":"https:\/\/tattini.dotstage.net\/fr\/wp-json\/wp\/v2\/product"}],"about":[{"href":"https:\/\/tattini.dotstage.net\/fr\/wp-json\/wp\/v2\/types\/product"}],"version-history":[{"count":0,"href":"https:\/\/tattini.dotstage.net\/fr\/wp-json\/wp\/v2\/product\/32638\/revisions"}],"wp:featuredmedia":[{"embeddable":true,"href":"https:\/\/tattini.dotstage.net\/fr\/wp-json\/wp\/v2\/media\/15445"}],"wp:attachment":[{"href":"https:\/\/tattini.dotstage.net\/fr\/wp-json\/wp\/v2\/media?parent=32638"}],"wp:term":[{"taxonomy":"product_cat","embeddable":true,"href":"https:\/\/tattini.dotstage.net\/fr\/wp-json\/wp\/v2\/product_cat?post=32638"},{"taxonomy":"product_tag","embeddable":true,"href":"https:\/\/tattini.dotstage.net\/fr\/wp-json\/wp\/v2\/product_tag?post=32638"}],"curies":[{"name":"wp","href":"https:\/\/api.w.org\/{rel}","templated":true}]}}