{"id":32630,"date":"2023-10-31T10:37:44","date_gmt":"2023-10-31T10:37:44","guid":{"rendered":"https:\/\/tattini.dotstage.net\/prodotto\/plastron-en-forme-de-brad-rens-avec-decoration-imprimee-en-bordure\/"},"modified":"2024-02-02T16:38:59","modified_gmt":"2024-02-02T16:38:59","slug":"collier-de-chasse-brad-rens-frontal-moule-border-stamp","status":"publish","type":"product","link":"https:\/\/tattini.dotstage.net\/fr\/produit\/collier-de-chasse-brad-rens-frontal-moule-border-stamp\/","title":{"rendered":"Collier de chasse Brad Ren&rsquo;s frontal moule border stamp"},"content":{"rendered":"","protected":false},"excerpt":{"rendered":"<p>En cuir. Assorti \u00e0 la t\u00eati\u00e8re 1495799.<\/p>\n","protected":false},"featured_media":15376,"template":"","meta":[],"product_cat":[903,915],"product_tag":[],"_links":{"self":[{"href":"https:\/\/tattini.dotstage.net\/fr\/wp-json\/wp\/v2\/product\/32630"}],"collection":[{"href":"https:\/\/tattini.dotstage.net\/fr\/wp-json\/wp\/v2\/product"}],"about":[{"href":"https:\/\/tattini.dotstage.net\/fr\/wp-json\/wp\/v2\/types\/product"}],"version-history":[{"count":0,"href":"https:\/\/tattini.dotstage.net\/fr\/wp-json\/wp\/v2\/product\/32630\/revisions"}],"wp:featuredmedia":[{"embeddable":true,"href":"https:\/\/tattini.dotstage.net\/fr\/wp-json\/wp\/v2\/media\/15376"}],"wp:attachment":[{"href":"https:\/\/tattini.dotstage.net\/fr\/wp-json\/wp\/v2\/media?parent=32630"}],"wp:term":[{"taxonomy":"product_cat","embeddable":true,"href":"https:\/\/tattini.dotstage.net\/fr\/wp-json\/wp\/v2\/product_cat?post=32630"},{"taxonomy":"product_tag","embeddable":true,"href":"https:\/\/tattini.dotstage.net\/fr\/wp-json\/wp\/v2\/product_tag?post=32630"}],"curies":[{"name":"wp","href":"https:\/\/api.w.org\/{rel}","templated":true}]}}