{"id":32623,"date":"2023-10-31T10:38:30","date_gmt":"2023-10-31T10:38:30","guid":{"rendered":"https:\/\/tattini.dotstage.net\/prodotto\/bride-tattini-pour-le-mordant-et-le-filet\/"},"modified":"2024-02-02T16:38:28","modified_gmt":"2024-02-02T16:38:28","slug":"bride-tattini-pour-mors-et-filet","status":"publish","type":"product","link":"https:\/\/tattini.dotstage.net\/fr\/produit\/bride-tattini-pour-mors-et-filet\/","title":{"rendered":"Bride Tattini pour mors et filet"},"content":{"rendered":"","protected":false},"excerpt":{"rendered":"<p>R\u00e9alis\u00e9e dans le nouveau cuir tann\u00e9 100% v\u00e9g\u00e9tale, sans chrome, sans substances nocives et non allerg\u00e8ne. Frontal et muserolle en vernis, doubles r\u00eanes avec crochets.<\/p>\n","protected":false},"featured_media":15598,"template":"","meta":[],"product_cat":[900,876],"product_tag":[],"_links":{"self":[{"href":"https:\/\/tattini.dotstage.net\/fr\/wp-json\/wp\/v2\/product\/32623"}],"collection":[{"href":"https:\/\/tattini.dotstage.net\/fr\/wp-json\/wp\/v2\/product"}],"about":[{"href":"https:\/\/tattini.dotstage.net\/fr\/wp-json\/wp\/v2\/types\/product"}],"version-history":[{"count":0,"href":"https:\/\/tattini.dotstage.net\/fr\/wp-json\/wp\/v2\/product\/32623\/revisions"}],"wp:featuredmedia":[{"embeddable":true,"href":"https:\/\/tattini.dotstage.net\/fr\/wp-json\/wp\/v2\/media\/15598"}],"wp:attachment":[{"href":"https:\/\/tattini.dotstage.net\/fr\/wp-json\/wp\/v2\/media?parent=32623"}],"wp:term":[{"taxonomy":"product_cat","embeddable":true,"href":"https:\/\/tattini.dotstage.net\/fr\/wp-json\/wp\/v2\/product_cat?post=32623"},{"taxonomy":"product_tag","embeddable":true,"href":"https:\/\/tattini.dotstage.net\/fr\/wp-json\/wp\/v2\/product_tag?post=32623"}],"curies":[{"name":"wp","href":"https:\/\/api.w.org\/{rel}","templated":true}]}}