{"id":32617,"date":"2023-10-31T10:38:15","date_gmt":"2023-10-31T10:38:15","guid":{"rendered":"https:\/\/tattini.dotstage.net\/prodotto\/daslo-cage-pour-supports-10-cm\/"},"modified":"2024-02-02T16:38:30","modified_gmt":"2024-02-02T16:38:30","slug":"cage-daslo-pour-etriers-10-cm","status":"publish","type":"product","link":"https:\/\/tattini.dotstage.net\/fr\/produit\/cage-daslo-pour-etriers-10-cm\/","title":{"rendered":"CAGE DASLO POUR ETRIERS 10 CM"},"content":{"rendered":"","protected":false},"excerpt":{"rendered":"<p>Cage d\u2019\u00e9triers en plastique r\u00e9sistant, facile \u00e0 accrocher sur n\u2019importe quel type d\u2019\u00e9triers anglais par les vis r\u00e9glables plac\u00e9es sous le plancher, pour emp\u00eacher au pied de glisser vers avant. Disponible en deux tailles, fournies par paires.<\/p>\n","protected":false},"featured_media":15529,"template":"","meta":[],"product_cat":[876,897],"product_tag":[],"_links":{"self":[{"href":"https:\/\/tattini.dotstage.net\/fr\/wp-json\/wp\/v2\/product\/32617"}],"collection":[{"href":"https:\/\/tattini.dotstage.net\/fr\/wp-json\/wp\/v2\/product"}],"about":[{"href":"https:\/\/tattini.dotstage.net\/fr\/wp-json\/wp\/v2\/types\/product"}],"version-history":[{"count":0,"href":"https:\/\/tattini.dotstage.net\/fr\/wp-json\/wp\/v2\/product\/32617\/revisions"}],"wp:featuredmedia":[{"embeddable":true,"href":"https:\/\/tattini.dotstage.net\/fr\/wp-json\/wp\/v2\/media\/15529"}],"wp:attachment":[{"href":"https:\/\/tattini.dotstage.net\/fr\/wp-json\/wp\/v2\/media?parent=32617"}],"wp:term":[{"taxonomy":"product_cat","embeddable":true,"href":"https:\/\/tattini.dotstage.net\/fr\/wp-json\/wp\/v2\/product_cat?post=32617"},{"taxonomy":"product_tag","embeddable":true,"href":"https:\/\/tattini.dotstage.net\/fr\/wp-json\/wp\/v2\/product_tag?post=32617"}],"curies":[{"name":"wp","href":"https:\/\/api.w.org\/{rel}","templated":true}]}}