{"id":32600,"date":"2023-10-31T10:38:31","date_gmt":"2023-10-31T10:38:31","guid":{"rendered":"https:\/\/tattini.dotstage.net\/prodotto\/tete-de-lit-natowa\/"},"modified":"2024-02-02T16:38:28","modified_gmt":"2024-02-02T16:38:28","slug":"tetiere-natowa","status":"publish","type":"product","link":"https:\/\/tattini.dotstage.net\/fr\/produit\/tetiere-natowa\/","title":{"rendered":"Tetiere Natowa"},"content":{"rendered":"","protected":false},"excerpt":{"rendered":"<p>Avec r\u00eanes, \u00e0 assortir \u00e0 la selle Nr. 143.<\/p>\n","protected":false},"featured_media":15604,"template":"","meta":[],"product_cat":[927,903],"product_tag":[],"_links":{"self":[{"href":"https:\/\/tattini.dotstage.net\/fr\/wp-json\/wp\/v2\/product\/32600"}],"collection":[{"href":"https:\/\/tattini.dotstage.net\/fr\/wp-json\/wp\/v2\/product"}],"about":[{"href":"https:\/\/tattini.dotstage.net\/fr\/wp-json\/wp\/v2\/types\/product"}],"version-history":[{"count":0,"href":"https:\/\/tattini.dotstage.net\/fr\/wp-json\/wp\/v2\/product\/32600\/revisions"}],"wp:featuredmedia":[{"embeddable":true,"href":"https:\/\/tattini.dotstage.net\/fr\/wp-json\/wp\/v2\/media\/15604"}],"wp:attachment":[{"href":"https:\/\/tattini.dotstage.net\/fr\/wp-json\/wp\/v2\/media?parent=32600"}],"wp:term":[{"taxonomy":"product_cat","embeddable":true,"href":"https:\/\/tattini.dotstage.net\/fr\/wp-json\/wp\/v2\/product_cat?post=32600"},{"taxonomy":"product_tag","embeddable":true,"href":"https:\/\/tattini.dotstage.net\/fr\/wp-json\/wp\/v2\/product_tag?post=32600"}],"curies":[{"name":"wp","href":"https:\/\/api.w.org\/{rel}","templated":true}]}}