{"id":32551,"date":"2023-10-31T10:38:00","date_gmt":"2023-10-31T10:38:00","guid":{"rendered":"https:\/\/tattini.dotstage.net\/prodotto\/selle-tattini-avec-inserts-de-sangle\/"},"modified":"2024-02-02T16:38:33","modified_gmt":"2024-02-02T16:38:33","slug":"chabraque-tattini-galbeavec-insertion-pour-sangle","status":"publish","type":"product","link":"https:\/\/tattini.dotstage.net\/fr\/produit\/chabraque-tattini-galbeavec-insertion-pour-sangle\/","title":{"rendered":"Chabraque Tattini galbe&rsquo;avec insertion pour sangle"},"content":{"rendered":"","protected":false},"excerpt":{"rendered":"<p>Matelass\u00e9, avec insert de renfort \u00e0 niveau de la sangle afin d\u2019\u00e9viter g\u00eanants enroulements du tapis. Doublure en nid d\u2019abeille, rembourrage 500 gr. feutre et 12 mm mousse. Couleur: bleu avec broderie et coutures contrast\u00e9es rouges (09) &#8211; bordeaux avec broderie et coutures contrast\u00e9es noires (05) &#8211; noir avec broderie coutures contrast\u00e9es rouges (10)<\/p>\n","protected":false},"featured_media":15457,"template":"","meta":[],"product_cat":[876,882],"product_tag":[],"_links":{"self":[{"href":"https:\/\/tattini.dotstage.net\/fr\/wp-json\/wp\/v2\/product\/32551"}],"collection":[{"href":"https:\/\/tattini.dotstage.net\/fr\/wp-json\/wp\/v2\/product"}],"about":[{"href":"https:\/\/tattini.dotstage.net\/fr\/wp-json\/wp\/v2\/types\/product"}],"version-history":[{"count":0,"href":"https:\/\/tattini.dotstage.net\/fr\/wp-json\/wp\/v2\/product\/32551\/revisions"}],"wp:featuredmedia":[{"embeddable":true,"href":"https:\/\/tattini.dotstage.net\/fr\/wp-json\/wp\/v2\/media\/15457"}],"wp:attachment":[{"href":"https:\/\/tattini.dotstage.net\/fr\/wp-json\/wp\/v2\/media?parent=32551"}],"wp:term":[{"taxonomy":"product_cat","embeddable":true,"href":"https:\/\/tattini.dotstage.net\/fr\/wp-json\/wp\/v2\/product_cat?post=32551"},{"taxonomy":"product_tag","embeddable":true,"href":"https:\/\/tattini.dotstage.net\/fr\/wp-json\/wp\/v2\/product_tag?post=32551"}],"curies":[{"name":"wp","href":"https:\/\/api.w.org\/{rel}","templated":true}]}}