{"id":32546,"date":"2023-10-31T10:37:45","date_gmt":"2023-10-31T10:37:45","guid":{"rendered":"https:\/\/tattini.dotstage.net\/prodotto\/le-dossard-de-basket-de-decoration-de-brad-rens\/"},"modified":"2024-02-02T16:38:59","modified_gmt":"2024-02-02T16:38:59","slug":"collier-de-chasse-brad-rens-frontal-basket","status":"publish","type":"product","link":"https:\/\/tattini.dotstage.net\/fr\/produit\/collier-de-chasse-brad-rens-frontal-basket\/","title":{"rendered":"Collier de chasse Brad Ren&rsquo;s frontal basket"},"content":{"rendered":"","protected":false},"excerpt":{"rendered":"<p>En cuir. Assorti \u00e0 les t\u00eati\u00e8res 1495699 et 1484799.<\/p>\n","protected":false},"featured_media":15379,"template":"","meta":[],"product_cat":[903,915],"product_tag":[],"_links":{"self":[{"href":"https:\/\/tattini.dotstage.net\/fr\/wp-json\/wp\/v2\/product\/32546"}],"collection":[{"href":"https:\/\/tattini.dotstage.net\/fr\/wp-json\/wp\/v2\/product"}],"about":[{"href":"https:\/\/tattini.dotstage.net\/fr\/wp-json\/wp\/v2\/types\/product"}],"version-history":[{"count":0,"href":"https:\/\/tattini.dotstage.net\/fr\/wp-json\/wp\/v2\/product\/32546\/revisions"}],"wp:featuredmedia":[{"embeddable":true,"href":"https:\/\/tattini.dotstage.net\/fr\/wp-json\/wp\/v2\/media\/15379"}],"wp:attachment":[{"href":"https:\/\/tattini.dotstage.net\/fr\/wp-json\/wp\/v2\/media?parent=32546"}],"wp:term":[{"taxonomy":"product_cat","embeddable":true,"href":"https:\/\/tattini.dotstage.net\/fr\/wp-json\/wp\/v2\/product_cat?post=32546"},{"taxonomy":"product_tag","embeddable":true,"href":"https:\/\/tattini.dotstage.net\/fr\/wp-json\/wp\/v2\/product_tag?post=32546"}],"curies":[{"name":"wp","href":"https:\/\/api.w.org\/{rel}","templated":true}]}}