{"id":32537,"date":"2023-10-31T10:38:16","date_gmt":"2023-10-31T10:38:16","guid":{"rendered":"https:\/\/tattini.dotstage.net\/prodotto\/daslo-cage-pour-supports-12-cm\/"},"modified":"2024-02-02T16:38:30","modified_gmt":"2024-02-02T16:38:30","slug":"daslo-cage-pour-supports-12-cm","status":"publish","type":"product","link":"https:\/\/tattini.dotstage.net\/fr\/produit\/daslo-cage-pour-supports-12-cm\/","title":{"rendered":"Cage Dasl\u00f6 pour \u00e9triers 12 cm"},"content":{"rendered":"","protected":false},"excerpt":{"rendered":"<p>Cage d&rsquo;\u00e9trier en plastique r\u00e9sistant, pouvant \u00eatre facilement fix\u00e9 \u00e0\u00a0 tout type de d&rsquo;\u00e9trier anglais \u00e0\u00a0 l&rsquo;aide des vis r\u00e9glables situ\u00e9es sous la plaque du pied, afin d&#8217;emp\u00e9cher au pied de glisser vers l&rsquo;avant. Disponible en deux tailles, livr\u00e9 par paire.<\/p>\n","protected":false},"featured_media":15532,"template":"","meta":[],"product_cat":[876,897],"product_tag":[],"_links":{"self":[{"href":"https:\/\/tattini.dotstage.net\/fr\/wp-json\/wp\/v2\/product\/32537"}],"collection":[{"href":"https:\/\/tattini.dotstage.net\/fr\/wp-json\/wp\/v2\/product"}],"about":[{"href":"https:\/\/tattini.dotstage.net\/fr\/wp-json\/wp\/v2\/types\/product"}],"version-history":[{"count":0,"href":"https:\/\/tattini.dotstage.net\/fr\/wp-json\/wp\/v2\/product\/32537\/revisions"}],"wp:featuredmedia":[{"embeddable":true,"href":"https:\/\/tattini.dotstage.net\/fr\/wp-json\/wp\/v2\/media\/15532"}],"wp:attachment":[{"href":"https:\/\/tattini.dotstage.net\/fr\/wp-json\/wp\/v2\/media?parent=32537"}],"wp:term":[{"taxonomy":"product_cat","embeddable":true,"href":"https:\/\/tattini.dotstage.net\/fr\/wp-json\/wp\/v2\/product_cat?post=32537"},{"taxonomy":"product_tag","embeddable":true,"href":"https:\/\/tattini.dotstage.net\/fr\/wp-json\/wp\/v2\/product_tag?post=32537"}],"curies":[{"name":"wp","href":"https:\/\/api.w.org\/{rel}","templated":true}]}}