{"id":32459,"date":"2023-10-31T10:38:03","date_gmt":"2023-10-31T10:38:03","guid":{"rendered":"https:\/\/tattini.dotstage.net\/prodotto\/coussin-en-gel-tattini\/"},"modified":"2024-02-02T16:38:32","modified_gmt":"2024-02-02T16:38:32","slug":"ammortisseur-de-dos-tattini-en-gel","status":"publish","type":"product","link":"https:\/\/tattini.dotstage.net\/fr\/produit\/ammortisseur-de-dos-tattini-en-gel\/","title":{"rendered":"Ammortisseur de dos Tattini en gel"},"content":{"rendered":"","protected":false},"excerpt":{"rendered":"<p>Nouveau mat\u00e9riau, meilleure qualit\u00e9 et r\u00e9sistance, nouveau dessin pour les trous, entretien facile (\u00e0 la main, eau froide avec lessive pour textiles d\u00e9licats), recyclable.<\/p>\n","protected":false},"featured_media":15463,"template":"","meta":[],"product_cat":[876,894],"product_tag":[],"_links":{"self":[{"href":"https:\/\/tattini.dotstage.net\/fr\/wp-json\/wp\/v2\/product\/32459"}],"collection":[{"href":"https:\/\/tattini.dotstage.net\/fr\/wp-json\/wp\/v2\/product"}],"about":[{"href":"https:\/\/tattini.dotstage.net\/fr\/wp-json\/wp\/v2\/types\/product"}],"version-history":[{"count":0,"href":"https:\/\/tattini.dotstage.net\/fr\/wp-json\/wp\/v2\/product\/32459\/revisions"}],"wp:featuredmedia":[{"embeddable":true,"href":"https:\/\/tattini.dotstage.net\/fr\/wp-json\/wp\/v2\/media\/15463"}],"wp:attachment":[{"href":"https:\/\/tattini.dotstage.net\/fr\/wp-json\/wp\/v2\/media?parent=32459"}],"wp:term":[{"taxonomy":"product_cat","embeddable":true,"href":"https:\/\/tattini.dotstage.net\/fr\/wp-json\/wp\/v2\/product_cat?post=32459"},{"taxonomy":"product_tag","embeddable":true,"href":"https:\/\/tattini.dotstage.net\/fr\/wp-json\/wp\/v2\/product_tag?post=32459"}],"curies":[{"name":"wp","href":"https:\/\/api.w.org\/{rel}","templated":true}]}}