{"id":32392,"date":"2023-10-31T10:38:36","date_gmt":"2023-10-31T10:38:36","guid":{"rendered":"https:\/\/tattini.dotstage.net\/prodotto\/tete-de-lit-daslo-3\/"},"modified":"2024-02-02T16:38:27","modified_gmt":"2024-02-02T16:38:27","slug":"bridon-daslo-3","status":"publish","type":"product","link":"https:\/\/tattini.dotstage.net\/fr\/produit\/bridon-daslo-3\/","title":{"rendered":"Bridon Dasl\u00f6"},"content":{"rendered":"","protected":false},"excerpt":{"rendered":"<p>En cuir, muserolle anglaise rembourr\u00e9e \u00e0 double r\u00e9glage. Bouclerie arrondie en acier inox.<\/p>\n","protected":false},"featured_media":15625,"template":"","meta":[],"product_cat":[900,876],"product_tag":[],"_links":{"self":[{"href":"https:\/\/tattini.dotstage.net\/fr\/wp-json\/wp\/v2\/product\/32392"}],"collection":[{"href":"https:\/\/tattini.dotstage.net\/fr\/wp-json\/wp\/v2\/product"}],"about":[{"href":"https:\/\/tattini.dotstage.net\/fr\/wp-json\/wp\/v2\/types\/product"}],"version-history":[{"count":0,"href":"https:\/\/tattini.dotstage.net\/fr\/wp-json\/wp\/v2\/product\/32392\/revisions"}],"wp:featuredmedia":[{"embeddable":true,"href":"https:\/\/tattini.dotstage.net\/fr\/wp-json\/wp\/v2\/media\/15625"}],"wp:attachment":[{"href":"https:\/\/tattini.dotstage.net\/fr\/wp-json\/wp\/v2\/media?parent=32392"}],"wp:term":[{"taxonomy":"product_cat","embeddable":true,"href":"https:\/\/tattini.dotstage.net\/fr\/wp-json\/wp\/v2\/product_cat?post=32392"},{"taxonomy":"product_tag","embeddable":true,"href":"https:\/\/tattini.dotstage.net\/fr\/wp-json\/wp\/v2\/product_tag?post=32392"}],"curies":[{"name":"wp","href":"https:\/\/api.w.org\/{rel}","templated":true}]}}