{"id":32372,"date":"2023-10-31T10:38:05","date_gmt":"2023-10-31T10:38:05","guid":{"rendered":"https:\/\/tattini.dotstage.net\/prodotto\/tapis-de-selle-de-brad-rens-3\/"},"modified":"2024-02-02T16:38:32","modified_gmt":"2024-02-02T16:38:32","slug":"horse-pad-brad-rens-3","status":"publish","type":"product","link":"https:\/\/tattini.dotstage.net\/fr\/produit\/horse-pad-brad-rens-3\/","title":{"rendered":"Horse pad Brad Ren\u2019s"},"content":{"rendered":"","protected":false},"excerpt":{"rendered":"<p>Rev\u00eatement ext\u00e9rieur feutre, rev\u00eatement n\u00e9opr\u00e8ne anti-frottement \u00e0 l\u2019int\u00e9rieur, renforc\u00e9 cuir synth\u00e9tique. Ouvertures sur le milieu pour une meilleure \u00e9vacuation de la transpiration.<\/p>\n","protected":false},"featured_media":15475,"template":"","meta":[],"product_cat":[909,903],"product_tag":[],"_links":{"self":[{"href":"https:\/\/tattini.dotstage.net\/fr\/wp-json\/wp\/v2\/product\/32372"}],"collection":[{"href":"https:\/\/tattini.dotstage.net\/fr\/wp-json\/wp\/v2\/product"}],"about":[{"href":"https:\/\/tattini.dotstage.net\/fr\/wp-json\/wp\/v2\/types\/product"}],"version-history":[{"count":0,"href":"https:\/\/tattini.dotstage.net\/fr\/wp-json\/wp\/v2\/product\/32372\/revisions"}],"wp:featuredmedia":[{"embeddable":true,"href":"https:\/\/tattini.dotstage.net\/fr\/wp-json\/wp\/v2\/media\/15475"}],"wp:attachment":[{"href":"https:\/\/tattini.dotstage.net\/fr\/wp-json\/wp\/v2\/media?parent=32372"}],"wp:term":[{"taxonomy":"product_cat","embeddable":true,"href":"https:\/\/tattini.dotstage.net\/fr\/wp-json\/wp\/v2\/product_cat?post=32372"},{"taxonomy":"product_tag","embeddable":true,"href":"https:\/\/tattini.dotstage.net\/fr\/wp-json\/wp\/v2\/product_tag?post=32372"}],"curies":[{"name":"wp","href":"https:\/\/api.w.org\/{rel}","templated":true}]}}