{"id":32283,"date":"2023-10-31T10:37:49","date_gmt":"2023-10-31T10:37:49","guid":{"rendered":"https:\/\/tattini.dotstage.net\/prodotto\/tapis-de-selle-de-brad-rens-2\/"},"modified":"2024-02-02T16:38:58","modified_gmt":"2024-02-02T16:38:58","slug":"horse-pad-brad-rens-2","status":"publish","type":"product","link":"https:\/\/tattini.dotstage.net\/fr\/produit\/horse-pad-brad-rens-2\/","title":{"rendered":"Horse pad Brad Ren\u2019s"},"content":{"rendered":"","protected":false},"excerpt":{"rendered":"<p>En tissu respirant recouvert de feutre, matelassage lat\u00e9rale d\u00e9cal\u00e9, couche int\u00e9rieure en nid d\u2019abeille pour \u00e9vacuer la transpiration. D\u00e9coupe de garrot et renforcements lat\u00e9raux en cuir synth\u00e9tique.<\/p>\n","protected":false},"featured_media":15403,"template":"","meta":[],"product_cat":[909,903],"product_tag":[],"_links":{"self":[{"href":"https:\/\/tattini.dotstage.net\/fr\/wp-json\/wp\/v2\/product\/32283"}],"collection":[{"href":"https:\/\/tattini.dotstage.net\/fr\/wp-json\/wp\/v2\/product"}],"about":[{"href":"https:\/\/tattini.dotstage.net\/fr\/wp-json\/wp\/v2\/types\/product"}],"version-history":[{"count":0,"href":"https:\/\/tattini.dotstage.net\/fr\/wp-json\/wp\/v2\/product\/32283\/revisions"}],"wp:featuredmedia":[{"embeddable":true,"href":"https:\/\/tattini.dotstage.net\/fr\/wp-json\/wp\/v2\/media\/15403"}],"wp:attachment":[{"href":"https:\/\/tattini.dotstage.net\/fr\/wp-json\/wp\/v2\/media?parent=32283"}],"wp:term":[{"taxonomy":"product_cat","embeddable":true,"href":"https:\/\/tattini.dotstage.net\/fr\/wp-json\/wp\/v2\/product_cat?post=32283"},{"taxonomy":"product_tag","embeddable":true,"href":"https:\/\/tattini.dotstage.net\/fr\/wp-json\/wp\/v2\/product_tag?post=32283"}],"curies":[{"name":"wp","href":"https:\/\/api.w.org\/{rel}","templated":true}]}}