{"id":32260,"date":"2023-10-31T10:38:37","date_gmt":"2023-10-31T10:38:37","guid":{"rendered":"https:\/\/tattini.dotstage.net\/prodotto\/tete-de-lit-daslo-acier-inoxydable-2\/"},"modified":"2024-02-02T16:38:27","modified_gmt":"2024-02-02T16:38:27","slug":"bridon-daslo-acier-inox-2","status":"publish","type":"product","link":"https:\/\/tattini.dotstage.net\/fr\/produit\/bridon-daslo-acier-inox-2\/","title":{"rendered":"Bridon Dasl\u00f6 (acier inox)"},"content":{"rendered":"","protected":false},"excerpt":{"rendered":"<p>Cuir orn\u00e9 de surpiq\u00fbres d\u00e9coratives au frontal et \u00e0 la muserolle, muserolle anglaise avec noseband. Montants \u00e0 mousquetons et bouclerie arrondie en acier inox.<\/p>\n","protected":false},"featured_media":15628,"template":"","meta":[],"product_cat":[900,876],"product_tag":[],"_links":{"self":[{"href":"https:\/\/tattini.dotstage.net\/fr\/wp-json\/wp\/v2\/product\/32260"}],"collection":[{"href":"https:\/\/tattini.dotstage.net\/fr\/wp-json\/wp\/v2\/product"}],"about":[{"href":"https:\/\/tattini.dotstage.net\/fr\/wp-json\/wp\/v2\/types\/product"}],"version-history":[{"count":0,"href":"https:\/\/tattini.dotstage.net\/fr\/wp-json\/wp\/v2\/product\/32260\/revisions"}],"wp:featuredmedia":[{"embeddable":true,"href":"https:\/\/tattini.dotstage.net\/fr\/wp-json\/wp\/v2\/media\/15628"}],"wp:attachment":[{"href":"https:\/\/tattini.dotstage.net\/fr\/wp-json\/wp\/v2\/media?parent=32260"}],"wp:term":[{"taxonomy":"product_cat","embeddable":true,"href":"https:\/\/tattini.dotstage.net\/fr\/wp-json\/wp\/v2\/product_cat?post=32260"},{"taxonomy":"product_tag","embeddable":true,"href":"https:\/\/tattini.dotstage.net\/fr\/wp-json\/wp\/v2\/product_tag?post=32260"}],"curies":[{"name":"wp","href":"https:\/\/api.w.org\/{rel}","templated":true}]}}