{"id":32220,"date":"2023-10-31T10:38:06","date_gmt":"2023-10-31T10:38:06","guid":{"rendered":"https:\/\/tattini.dotstage.net\/prodotto\/tapis-de-selle-tattini\/"},"modified":"2024-02-02T16:38:32","modified_gmt":"2024-02-02T16:38:32","slug":"chabraque-tattini","status":"publish","type":"product","link":"https:\/\/tattini.dotstage.net\/fr\/produit\/chabraque-tattini\/","title":{"rendered":"Chabraque Tattini"},"content":{"rendered":"","protected":false},"excerpt":{"rendered":"<p>En T\/C coton serg\u00e9 65% coton et 35% polyester avec une excellente tenue de la couleur. Surpiq\u00fbres en spirales, passepoil unique contrast\u00e9. Doublure en coton et double rembourrage polyfil et mousse.<\/p>\n","protected":false},"featured_media":15481,"template":"","meta":[],"product_cat":[876,882],"product_tag":[],"_links":{"self":[{"href":"https:\/\/tattini.dotstage.net\/fr\/wp-json\/wp\/v2\/product\/32220"}],"collection":[{"href":"https:\/\/tattini.dotstage.net\/fr\/wp-json\/wp\/v2\/product"}],"about":[{"href":"https:\/\/tattini.dotstage.net\/fr\/wp-json\/wp\/v2\/types\/product"}],"version-history":[{"count":0,"href":"https:\/\/tattini.dotstage.net\/fr\/wp-json\/wp\/v2\/product\/32220\/revisions"}],"wp:featuredmedia":[{"embeddable":true,"href":"https:\/\/tattini.dotstage.net\/fr\/wp-json\/wp\/v2\/media\/15481"}],"wp:attachment":[{"href":"https:\/\/tattini.dotstage.net\/fr\/wp-json\/wp\/v2\/media?parent=32220"}],"wp:term":[{"taxonomy":"product_cat","embeddable":true,"href":"https:\/\/tattini.dotstage.net\/fr\/wp-json\/wp\/v2\/product_cat?post=32220"},{"taxonomy":"product_tag","embeddable":true,"href":"https:\/\/tattini.dotstage.net\/fr\/wp-json\/wp\/v2\/product_tag?post=32220"}],"curies":[{"name":"wp","href":"https:\/\/api.w.org\/{rel}","templated":true}]}}