{"id":32167,"date":"2023-10-31T10:38:21","date_gmt":"2023-10-31T10:38:21","guid":{"rendered":"https:\/\/tattini.dotstage.net\/prodotto\/tete-de-lit-daslo\/"},"modified":"2024-02-02T16:38:29","modified_gmt":"2024-02-02T16:38:29","slug":"bridon-licol-daslo","status":"publish","type":"product","link":"https:\/\/tattini.dotstage.net\/fr\/produit\/bridon-licol-daslo\/","title":{"rendered":"Bridon\/licol Dasl\u00f6"},"content":{"rendered":"","protected":false},"excerpt":{"rendered":"<p>D&rsquo;endurance en PVC souple et solide, r\u00eanes doubl\u00e9es caoutchouc largeur 5\/8&Prime;.<\/p>\n","protected":false},"featured_media":15553,"template":"","meta":[],"product_cat":[900,876],"product_tag":[],"_links":{"self":[{"href":"https:\/\/tattini.dotstage.net\/fr\/wp-json\/wp\/v2\/product\/32167"}],"collection":[{"href":"https:\/\/tattini.dotstage.net\/fr\/wp-json\/wp\/v2\/product"}],"about":[{"href":"https:\/\/tattini.dotstage.net\/fr\/wp-json\/wp\/v2\/types\/product"}],"version-history":[{"count":0,"href":"https:\/\/tattini.dotstage.net\/fr\/wp-json\/wp\/v2\/product\/32167\/revisions"}],"wp:featuredmedia":[{"embeddable":true,"href":"https:\/\/tattini.dotstage.net\/fr\/wp-json\/wp\/v2\/media\/15553"}],"wp:attachment":[{"href":"https:\/\/tattini.dotstage.net\/fr\/wp-json\/wp\/v2\/media?parent=32167"}],"wp:term":[{"taxonomy":"product_cat","embeddable":true,"href":"https:\/\/tattini.dotstage.net\/fr\/wp-json\/wp\/v2\/product_cat?post=32167"},{"taxonomy":"product_tag","embeddable":true,"href":"https:\/\/tattini.dotstage.net\/fr\/wp-json\/wp\/v2\/product_tag?post=32167"}],"curies":[{"name":"wp","href":"https:\/\/api.w.org\/{rel}","templated":true}]}}