{"id":32090,"date":"2023-10-31T10:38:22","date_gmt":"2023-10-31T10:38:22","guid":{"rendered":"https:\/\/tattini.dotstage.net\/prodotto\/tete-de-lit-3\/"},"modified":"2024-02-02T16:38:29","modified_gmt":"2024-02-02T16:38:29","slug":"bridon-2","status":"publish","type":"product","link":"https:\/\/tattini.dotstage.net\/fr\/produit\/bridon-2\/","title":{"rendered":"Bridon"},"content":{"rendered":"","protected":false},"excerpt":{"rendered":"<p>En cuir, frontal et muserolle anglaise avec lis\u00e9r\u00e9, r\u00eanes caoutchouc ton sur ton largeur 5\/8\u2019\u2019, bouclerie acier inox. S\u00e9rie \u00e9conomique.<\/p>\n","protected":false},"featured_media":15559,"template":"","meta":[],"product_cat":[900,876],"product_tag":[],"_links":{"self":[{"href":"https:\/\/tattini.dotstage.net\/fr\/wp-json\/wp\/v2\/product\/32090"}],"collection":[{"href":"https:\/\/tattini.dotstage.net\/fr\/wp-json\/wp\/v2\/product"}],"about":[{"href":"https:\/\/tattini.dotstage.net\/fr\/wp-json\/wp\/v2\/types\/product"}],"version-history":[{"count":0,"href":"https:\/\/tattini.dotstage.net\/fr\/wp-json\/wp\/v2\/product\/32090\/revisions"}],"wp:featuredmedia":[{"embeddable":true,"href":"https:\/\/tattini.dotstage.net\/fr\/wp-json\/wp\/v2\/media\/15559"}],"wp:attachment":[{"href":"https:\/\/tattini.dotstage.net\/fr\/wp-json\/wp\/v2\/media?parent=32090"}],"wp:term":[{"taxonomy":"product_cat","embeddable":true,"href":"https:\/\/tattini.dotstage.net\/fr\/wp-json\/wp\/v2\/product_cat?post=32090"},{"taxonomy":"product_tag","embeddable":true,"href":"https:\/\/tattini.dotstage.net\/fr\/wp-json\/wp\/v2\/product_tag?post=32090"}],"curies":[{"name":"wp","href":"https:\/\/api.w.org\/{rel}","templated":true}]}}