{"id":32057,"date":"2023-10-31T10:37:50","date_gmt":"2023-10-31T10:37:50","guid":{"rendered":"https:\/\/tattini.dotstage.net\/prodotto\/tapis-de-selle-de-brad-rens\/"},"modified":"2024-02-02T16:38:34","modified_gmt":"2024-02-02T16:38:34","slug":"horse-pad-brad-rens","status":"publish","type":"product","link":"https:\/\/tattini.dotstage.net\/fr\/produit\/horse-pad-brad-rens\/","title":{"rendered":"Horse pad Brad Ren\u2019s"},"content":{"rendered":"","protected":false},"excerpt":{"rendered":"<p>En n\u00e9opr\u00e8ne et feutre avec grandes ouvertures pour \u00e9vacuer la transpiration. D\u00e9coupe de garrot et renforcements lat\u00e9rales en cuir synth\u00e9tique.<\/p>\n","protected":false},"featured_media":15406,"template":"","meta":[],"product_cat":[909,903],"product_tag":[],"_links":{"self":[{"href":"https:\/\/tattini.dotstage.net\/fr\/wp-json\/wp\/v2\/product\/32057"}],"collection":[{"href":"https:\/\/tattini.dotstage.net\/fr\/wp-json\/wp\/v2\/product"}],"about":[{"href":"https:\/\/tattini.dotstage.net\/fr\/wp-json\/wp\/v2\/types\/product"}],"version-history":[{"count":0,"href":"https:\/\/tattini.dotstage.net\/fr\/wp-json\/wp\/v2\/product\/32057\/revisions"}],"wp:featuredmedia":[{"embeddable":true,"href":"https:\/\/tattini.dotstage.net\/fr\/wp-json\/wp\/v2\/media\/15406"}],"wp:attachment":[{"href":"https:\/\/tattini.dotstage.net\/fr\/wp-json\/wp\/v2\/media?parent=32057"}],"wp:term":[{"taxonomy":"product_cat","embeddable":true,"href":"https:\/\/tattini.dotstage.net\/fr\/wp-json\/wp\/v2\/product_cat?post=32057"},{"taxonomy":"product_tag","embeddable":true,"href":"https:\/\/tattini.dotstage.net\/fr\/wp-json\/wp\/v2\/product_tag?post=32057"}],"curies":[{"name":"wp","href":"https:\/\/api.w.org\/{rel}","templated":true}]}}