{"id":31970,"date":"2023-10-31T10:38:08","date_gmt":"2023-10-31T10:38:08","guid":{"rendered":"https:\/\/tattini.dotstage.net\/prodotto\/tapis-de-selle-tattini-avec-poches-impermeables\/"},"modified":"2024-02-02T16:38:31","modified_gmt":"2024-02-02T16:38:31","slug":"tapis-tattini-avec-poches-impermeables","status":"publish","type":"product","link":"https:\/\/tattini.dotstage.net\/fr\/produit\/tapis-tattini-avec-poches-impermeables\/","title":{"rendered":"TAPIS TATTINI AVEC POCHES IMPERMEABLES"},"content":{"rendered":"","protected":false},"excerpt":{"rendered":"<p>Nouveau tapis de selle \u00e9quip\u00e9 de 2 confortables et grandes poches \u00e9tanches des deux c\u00f4t\u00e9s ; les poches ont  10 cm de profondeur. 2 boucles lat\u00e9rales ont \u00e9galement \u00e9t\u00e9 ajout\u00e9es pour accrocher des objets suppl\u00e9mentaires.<\/p>\n","protected":false},"featured_media":15487,"template":"","meta":[],"product_cat":[876,882],"product_tag":[],"_links":{"self":[{"href":"https:\/\/tattini.dotstage.net\/fr\/wp-json\/wp\/v2\/product\/31970"}],"collection":[{"href":"https:\/\/tattini.dotstage.net\/fr\/wp-json\/wp\/v2\/product"}],"about":[{"href":"https:\/\/tattini.dotstage.net\/fr\/wp-json\/wp\/v2\/types\/product"}],"version-history":[{"count":0,"href":"https:\/\/tattini.dotstage.net\/fr\/wp-json\/wp\/v2\/product\/31970\/revisions"}],"wp:featuredmedia":[{"embeddable":true,"href":"https:\/\/tattini.dotstage.net\/fr\/wp-json\/wp\/v2\/media\/15487"}],"wp:attachment":[{"href":"https:\/\/tattini.dotstage.net\/fr\/wp-json\/wp\/v2\/media?parent=31970"}],"wp:term":[{"taxonomy":"product_cat","embeddable":true,"href":"https:\/\/tattini.dotstage.net\/fr\/wp-json\/wp\/v2\/product_cat?post=31970"},{"taxonomy":"product_tag","embeddable":true,"href":"https:\/\/tattini.dotstage.net\/fr\/wp-json\/wp\/v2\/product_tag?post=31970"}],"curies":[{"name":"wp","href":"https:\/\/api.w.org\/{rel}","templated":true}]}}