{"id":31964,"date":"2023-10-31T10:37:52","date_gmt":"2023-10-31T10:37:52","guid":{"rendered":"https:\/\/tattini.dotstage.net\/prodotto\/oreiller-en-gel-tattini-avec-laine-merinos\/"},"modified":"2024-02-02T16:38:34","modified_gmt":"2024-02-02T16:38:34","slug":"oreiller-en-gel-tattini-avec-laine-merinos","status":"publish","type":"product","link":"https:\/\/tattini.dotstage.net\/fr\/produit\/oreiller-en-gel-tattini-avec-laine-merinos\/","title":{"rendered":"Amortisseur Tattini en gel avec laine m\u00e9rinos"},"content":{"rendered":"","protected":false},"excerpt":{"rendered":"<p>Doubl\u00e9 et embeilli sur le dos et le garrot en laine m\u00e9rinos de premi\u00e8re qualit\u00e9 ; pourvu de trous pour permettre au cheval de transpirer, il est fabriqu\u00e9e \u00e0\u00a0 partir d&rsquo;une formule sp\u00e9ciale de gel qui est \u00e0\u00a0 la fois tr\u00e8s souple,  confortable et r\u00e9sistante.<\/p>\n","protected":false},"featured_media":15418,"template":"","meta":[],"product_cat":[876,894],"product_tag":[],"_links":{"self":[{"href":"https:\/\/tattini.dotstage.net\/fr\/wp-json\/wp\/v2\/product\/31964"}],"collection":[{"href":"https:\/\/tattini.dotstage.net\/fr\/wp-json\/wp\/v2\/product"}],"about":[{"href":"https:\/\/tattini.dotstage.net\/fr\/wp-json\/wp\/v2\/types\/product"}],"version-history":[{"count":0,"href":"https:\/\/tattini.dotstage.net\/fr\/wp-json\/wp\/v2\/product\/31964\/revisions"}],"wp:featuredmedia":[{"embeddable":true,"href":"https:\/\/tattini.dotstage.net\/fr\/wp-json\/wp\/v2\/media\/15418"}],"wp:attachment":[{"href":"https:\/\/tattini.dotstage.net\/fr\/wp-json\/wp\/v2\/media?parent=31964"}],"wp:term":[{"taxonomy":"product_cat","embeddable":true,"href":"https:\/\/tattini.dotstage.net\/fr\/wp-json\/wp\/v2\/product_cat?post=31964"},{"taxonomy":"product_tag","embeddable":true,"href":"https:\/\/tattini.dotstage.net\/fr\/wp-json\/wp\/v2\/product_tag?post=31964"}],"curies":[{"name":"wp","href":"https:\/\/api.w.org\/{rel}","templated":true}]}}