{"id":31920,"date":"2023-10-31T10:38:55","date_gmt":"2023-10-31T10:38:55","guid":{"rendered":"https:\/\/tattini.dotstage.net\/prodotto\/renes-en-toile-caoutchoutee\/"},"modified":"2024-02-02T16:38:01","modified_gmt":"2024-02-02T16:38:01","slug":"renes-10","status":"publish","type":"product","link":"https:\/\/tattini.dotstage.net\/fr\/produit\/renes-10\/","title":{"rendered":"R\u00eanes"},"content":{"rendered":"","protected":false},"excerpt":{"rendered":"<p>En toile caoutchout\u00e9e antid\u00e9rapante. S\u00e9rie \u00e9conomique.<\/p>\n","protected":false},"featured_media":15715,"template":"","meta":[],"product_cat":[876,888],"product_tag":[],"_links":{"self":[{"href":"https:\/\/tattini.dotstage.net\/fr\/wp-json\/wp\/v2\/product\/31920"}],"collection":[{"href":"https:\/\/tattini.dotstage.net\/fr\/wp-json\/wp\/v2\/product"}],"about":[{"href":"https:\/\/tattini.dotstage.net\/fr\/wp-json\/wp\/v2\/types\/product"}],"version-history":[{"count":0,"href":"https:\/\/tattini.dotstage.net\/fr\/wp-json\/wp\/v2\/product\/31920\/revisions"}],"wp:featuredmedia":[{"embeddable":true,"href":"https:\/\/tattini.dotstage.net\/fr\/wp-json\/wp\/v2\/media\/15715"}],"wp:attachment":[{"href":"https:\/\/tattini.dotstage.net\/fr\/wp-json\/wp\/v2\/media?parent=31920"}],"wp:term":[{"taxonomy":"product_cat","embeddable":true,"href":"https:\/\/tattini.dotstage.net\/fr\/wp-json\/wp\/v2\/product_cat?post=31920"},{"taxonomy":"product_tag","embeddable":true,"href":"https:\/\/tattini.dotstage.net\/fr\/wp-json\/wp\/v2\/product_tag?post=31920"}],"curies":[{"name":"wp","href":"https:\/\/api.w.org\/{rel}","templated":true}]}}