{"id":31897,"date":"2023-10-31T10:39:12","date_gmt":"2023-10-31T10:39:12","guid":{"rendered":"https:\/\/tattini.dotstage.net\/prodotto\/fil-17\/"},"modified":"2024-02-02T16:37:58","modified_gmt":"2024-02-02T16:37:58","slug":"filet-20","status":"publish","type":"product","link":"https:\/\/tattini.dotstage.net\/fr\/produit\/filet-20\/","title":{"rendered":"Filet"},"content":{"rendered":"","protected":false},"excerpt":{"rendered":"<p>Bris\u00e9 \u00e0 canons fins 14 mm, anneaux 65 mm, en m\u00e9tal chrom\u00e9.<\/p>\n","protected":false},"featured_media":15805,"template":"","meta":[],"product_cat":[876,885],"product_tag":[],"_links":{"self":[{"href":"https:\/\/tattini.dotstage.net\/fr\/wp-json\/wp\/v2\/product\/31897"}],"collection":[{"href":"https:\/\/tattini.dotstage.net\/fr\/wp-json\/wp\/v2\/product"}],"about":[{"href":"https:\/\/tattini.dotstage.net\/fr\/wp-json\/wp\/v2\/types\/product"}],"version-history":[{"count":0,"href":"https:\/\/tattini.dotstage.net\/fr\/wp-json\/wp\/v2\/product\/31897\/revisions"}],"wp:featuredmedia":[{"embeddable":true,"href":"https:\/\/tattini.dotstage.net\/fr\/wp-json\/wp\/v2\/media\/15805"}],"wp:attachment":[{"href":"https:\/\/tattini.dotstage.net\/fr\/wp-json\/wp\/v2\/media?parent=31897"}],"wp:term":[{"taxonomy":"product_cat","embeddable":true,"href":"https:\/\/tattini.dotstage.net\/fr\/wp-json\/wp\/v2\/product_cat?post=31897"},{"taxonomy":"product_tag","embeddable":true,"href":"https:\/\/tattini.dotstage.net\/fr\/wp-json\/wp\/v2\/product_tag?post=31897"}],"curies":[{"name":"wp","href":"https:\/\/api.w.org\/{rel}","templated":true}]}}