{"id":31892,"date":"2023-10-31T10:38:56","date_gmt":"2023-10-31T10:38:56","guid":{"rendered":"https:\/\/tattini.dotstage.net\/prodotto\/renes-daslo-acier-inoxydable\/"},"modified":"2024-02-02T16:38:01","modified_gmt":"2024-02-02T16:38:01","slug":"renes-daslo-acier-inox","status":"publish","type":"product","link":"https:\/\/tattini.dotstage.net\/fr\/produit\/renes-daslo-acier-inox\/","title":{"rendered":"R\u00eanes Dasl\u00f6 (acier inox)"},"content":{"rendered":"","protected":false},"excerpt":{"rendered":"<p>En cuir, gain\u00e9es souple caoutchouc. Bouclerie en acier inox.<\/p>\n","protected":false},"featured_media":15724,"template":"","meta":[],"product_cat":[876,888],"product_tag":[],"_links":{"self":[{"href":"https:\/\/tattini.dotstage.net\/fr\/wp-json\/wp\/v2\/product\/31892"}],"collection":[{"href":"https:\/\/tattini.dotstage.net\/fr\/wp-json\/wp\/v2\/product"}],"about":[{"href":"https:\/\/tattini.dotstage.net\/fr\/wp-json\/wp\/v2\/types\/product"}],"version-history":[{"count":0,"href":"https:\/\/tattini.dotstage.net\/fr\/wp-json\/wp\/v2\/product\/31892\/revisions"}],"wp:featuredmedia":[{"embeddable":true,"href":"https:\/\/tattini.dotstage.net\/fr\/wp-json\/wp\/v2\/media\/15724"}],"wp:attachment":[{"href":"https:\/\/tattini.dotstage.net\/fr\/wp-json\/wp\/v2\/media?parent=31892"}],"wp:term":[{"taxonomy":"product_cat","embeddable":true,"href":"https:\/\/tattini.dotstage.net\/fr\/wp-json\/wp\/v2\/product_cat?post=31892"},{"taxonomy":"product_tag","embeddable":true,"href":"https:\/\/tattini.dotstage.net\/fr\/wp-json\/wp\/v2\/product_tag?post=31892"}],"curies":[{"name":"wp","href":"https:\/\/api.w.org\/{rel}","templated":true}]}}