{"id":31651,"date":"2023-10-31T10:39:26","date_gmt":"2023-10-31T10:39:26","guid":{"rendered":"https:\/\/tattini.dotstage.net\/prodotto\/anneaux-de-filet-daslo-entiers\/"},"modified":"2024-02-02T16:37:55","modified_gmt":"2024-02-02T16:37:55","slug":"filet-daslo-anneaux-entier","status":"publish","type":"product","link":"https:\/\/tattini.dotstage.net\/fr\/produit\/filet-daslo-anneaux-entier\/","title":{"rendered":"Filet Dasl\u00f6 anneaux entier"},"content":{"rendered":"","protected":false},"excerpt":{"rendered":"<p>Embouchure en acier inoxydable recouverte en caoutchouc de haute qualit\u00e9, aromatis\u00e9 \u00e0 la menthe pour le palais du cheval. Le mat\u00e9riau synth\u00e9tique favorise la salivation et aide d\u00e9contraction de la bouche. Il est indiqu\u00e9 pour les jeunes chevaux ou pour ceux qui n\u2019acceptent le contact avec le m\u00e9tal. La dur\u00e9e de l\u2019embouchure d\u00e9pend du cheval et de la dentition.<\/p>\n","protected":false},"featured_media":15889,"template":"","meta":[],"product_cat":[876,885],"product_tag":[],"_links":{"self":[{"href":"https:\/\/tattini.dotstage.net\/fr\/wp-json\/wp\/v2\/product\/31651"}],"collection":[{"href":"https:\/\/tattini.dotstage.net\/fr\/wp-json\/wp\/v2\/product"}],"about":[{"href":"https:\/\/tattini.dotstage.net\/fr\/wp-json\/wp\/v2\/types\/product"}],"version-history":[{"count":0,"href":"https:\/\/tattini.dotstage.net\/fr\/wp-json\/wp\/v2\/product\/31651\/revisions"}],"wp:featuredmedia":[{"embeddable":true,"href":"https:\/\/tattini.dotstage.net\/fr\/wp-json\/wp\/v2\/media\/15889"}],"wp:attachment":[{"href":"https:\/\/tattini.dotstage.net\/fr\/wp-json\/wp\/v2\/media?parent=31651"}],"wp:term":[{"taxonomy":"product_cat","embeddable":true,"href":"https:\/\/tattini.dotstage.net\/fr\/wp-json\/wp\/v2\/product_cat?post=31651"},{"taxonomy":"product_tag","embeddable":true,"href":"https:\/\/tattini.dotstage.net\/fr\/wp-json\/wp\/v2\/product_tag?post=31651"}],"curies":[{"name":"wp","href":"https:\/\/api.w.org\/{rel}","templated":true}]}}