{"id":31592,"date":"2023-10-31T10:39:02","date_gmt":"2023-10-31T10:39:02","guid":{"rendered":"https:\/\/tattini.dotstage.net\/prodotto\/renes-elastiques\/"},"modified":"2024-02-02T16:38:00","modified_gmt":"2024-02-02T16:38:00","slug":"elastique-denrenement","status":"publish","type":"product","link":"https:\/\/tattini.dotstage.net\/fr\/produit\/elastique-denrenement\/","title":{"rendered":"\u00c9lastique d\u2019enr\u00eanement"},"content":{"rendered":"","protected":false},"excerpt":{"rendered":"<p>\u00c9lastique et r\u00e9glable. Il passe dans les anneaux du mors et s\u2019attache \u00e0 la sangle ou aux contre-sanglons.<\/p>\n","protected":false},"featured_media":15748,"template":"","meta":[],"product_cat":[876,888],"product_tag":[],"_links":{"self":[{"href":"https:\/\/tattini.dotstage.net\/fr\/wp-json\/wp\/v2\/product\/31592"}],"collection":[{"href":"https:\/\/tattini.dotstage.net\/fr\/wp-json\/wp\/v2\/product"}],"about":[{"href":"https:\/\/tattini.dotstage.net\/fr\/wp-json\/wp\/v2\/types\/product"}],"version-history":[{"count":0,"href":"https:\/\/tattini.dotstage.net\/fr\/wp-json\/wp\/v2\/product\/31592\/revisions"}],"wp:featuredmedia":[{"embeddable":true,"href":"https:\/\/tattini.dotstage.net\/fr\/wp-json\/wp\/v2\/media\/15748"}],"wp:attachment":[{"href":"https:\/\/tattini.dotstage.net\/fr\/wp-json\/wp\/v2\/media?parent=31592"}],"wp:term":[{"taxonomy":"product_cat","embeddable":true,"href":"https:\/\/tattini.dotstage.net\/fr\/wp-json\/wp\/v2\/product_cat?post=31592"},{"taxonomy":"product_tag","embeddable":true,"href":"https:\/\/tattini.dotstage.net\/fr\/wp-json\/wp\/v2\/product_tag?post=31592"}],"curies":[{"name":"wp","href":"https:\/\/api.w.org\/{rel}","templated":true}]}}