{"id":31578,"date":"2023-10-31T10:38:46","date_gmt":"2023-10-31T10:38:46","guid":{"rendered":"https:\/\/tattini.dotstage.net\/prodotto\/le-tattini-reprend-le-flambeau-2\/"},"modified":"2024-02-02T16:38:25","modified_gmt":"2024-02-02T16:38:25","slug":"renes-tattini-2","status":"publish","type":"product","link":"https:\/\/tattini.dotstage.net\/fr\/produit\/renes-tattini-2\/","title":{"rendered":"R\u00eanes Tattini"},"content":{"rendered":"","protected":false},"excerpt":{"rendered":"<p>En caoutchouc souple, int\u00e9rieur synth\u00e9tique.<\/p>\n","protected":false},"featured_media":15667,"template":"","meta":[],"product_cat":[876,888],"product_tag":[],"_links":{"self":[{"href":"https:\/\/tattini.dotstage.net\/fr\/wp-json\/wp\/v2\/product\/31578"}],"collection":[{"href":"https:\/\/tattini.dotstage.net\/fr\/wp-json\/wp\/v2\/product"}],"about":[{"href":"https:\/\/tattini.dotstage.net\/fr\/wp-json\/wp\/v2\/types\/product"}],"version-history":[{"count":0,"href":"https:\/\/tattini.dotstage.net\/fr\/wp-json\/wp\/v2\/product\/31578\/revisions"}],"wp:featuredmedia":[{"embeddable":true,"href":"https:\/\/tattini.dotstage.net\/fr\/wp-json\/wp\/v2\/media\/15667"}],"wp:attachment":[{"href":"https:\/\/tattini.dotstage.net\/fr\/wp-json\/wp\/v2\/media?parent=31578"}],"wp:term":[{"taxonomy":"product_cat","embeddable":true,"href":"https:\/\/tattini.dotstage.net\/fr\/wp-json\/wp\/v2\/product_cat?post=31578"},{"taxonomy":"product_tag","embeddable":true,"href":"https:\/\/tattini.dotstage.net\/fr\/wp-json\/wp\/v2\/product_tag?post=31578"}],"curies":[{"name":"wp","href":"https:\/\/api.w.org\/{rel}","templated":true}]}}