{"id":31553,"date":"2023-10-31T10:39:16","date_gmt":"2023-10-31T10:39:16","guid":{"rendered":"https:\/\/tattini.dotstage.net\/prodotto\/filet-de-la-bague-2\/"},"modified":"2024-02-02T16:37:57","modified_gmt":"2024-02-02T16:37:57","slug":"filet-a-anneaux-2","status":"publish","type":"product","link":"https:\/\/tattini.dotstage.net\/fr\/produit\/filet-a-anneaux-2\/","title":{"rendered":"Filet \u00e0 anneaux"},"content":{"rendered":"","protected":false},"excerpt":{"rendered":"<p>Bris\u00e9 \u00e0 canons pleins, embouchure 18 mm, anneaux 65 mm, acier inox. Taille: 11,5 &#8211; 12,5 &#8211; 13,5 &#8211; 14,5 cm<\/p>\n","protected":false},"featured_media":15826,"template":"","meta":[],"product_cat":[876,885],"product_tag":[],"_links":{"self":[{"href":"https:\/\/tattini.dotstage.net\/fr\/wp-json\/wp\/v2\/product\/31553"}],"collection":[{"href":"https:\/\/tattini.dotstage.net\/fr\/wp-json\/wp\/v2\/product"}],"about":[{"href":"https:\/\/tattini.dotstage.net\/fr\/wp-json\/wp\/v2\/types\/product"}],"version-history":[{"count":0,"href":"https:\/\/tattini.dotstage.net\/fr\/wp-json\/wp\/v2\/product\/31553\/revisions"}],"wp:featuredmedia":[{"embeddable":true,"href":"https:\/\/tattini.dotstage.net\/fr\/wp-json\/wp\/v2\/media\/15826"}],"wp:attachment":[{"href":"https:\/\/tattini.dotstage.net\/fr\/wp-json\/wp\/v2\/media?parent=31553"}],"wp:term":[{"taxonomy":"product_cat","embeddable":true,"href":"https:\/\/tattini.dotstage.net\/fr\/wp-json\/wp\/v2\/product_cat?post=31553"},{"taxonomy":"product_tag","embeddable":true,"href":"https:\/\/tattini.dotstage.net\/fr\/wp-json\/wp\/v2\/product_tag?post=31553"}],"curies":[{"name":"wp","href":"https:\/\/api.w.org\/{rel}","templated":true}]}}