{"id":31457,"date":"2023-10-31T10:38:48","date_gmt":"2023-10-31T10:38:48","guid":{"rendered":"https:\/\/tattini.dotstage.net\/prodotto\/renes-de-renvoi-2\/"},"modified":"2024-02-02T16:38:25","modified_gmt":"2024-02-02T16:38:25","slug":"renes-5","status":"publish","type":"product","link":"https:\/\/tattini.dotstage.net\/fr\/produit\/renes-5\/","title":{"rendered":"R\u00eanes"},"content":{"rendered":"","protected":false},"excerpt":{"rendered":"<p>Allemandes en cuir, bouclerie acier inox, s\u00e9rie \u00e9conomique.<\/p>\n","protected":false},"featured_media":15682,"template":"","meta":[],"product_cat":[876,888],"product_tag":[],"_links":{"self":[{"href":"https:\/\/tattini.dotstage.net\/fr\/wp-json\/wp\/v2\/product\/31457"}],"collection":[{"href":"https:\/\/tattini.dotstage.net\/fr\/wp-json\/wp\/v2\/product"}],"about":[{"href":"https:\/\/tattini.dotstage.net\/fr\/wp-json\/wp\/v2\/types\/product"}],"version-history":[{"count":0,"href":"https:\/\/tattini.dotstage.net\/fr\/wp-json\/wp\/v2\/product\/31457\/revisions"}],"wp:featuredmedia":[{"embeddable":true,"href":"https:\/\/tattini.dotstage.net\/fr\/wp-json\/wp\/v2\/media\/15682"}],"wp:attachment":[{"href":"https:\/\/tattini.dotstage.net\/fr\/wp-json\/wp\/v2\/media?parent=31457"}],"wp:term":[{"taxonomy":"product_cat","embeddable":true,"href":"https:\/\/tattini.dotstage.net\/fr\/wp-json\/wp\/v2\/product_cat?post=31457"},{"taxonomy":"product_tag","embeddable":true,"href":"https:\/\/tattini.dotstage.net\/fr\/wp-json\/wp\/v2\/product_tag?post=31457"}],"curies":[{"name":"wp","href":"https:\/\/api.w.org\/{rel}","templated":true}]}}