{"id":31235,"date":"2023-10-31T10:38:51","date_gmt":"2023-10-31T10:38:51","guid":{"rendered":"https:\/\/tattini.dotstage.net\/prodotto\/reins-3\/"},"modified":"2024-02-02T16:38:24","modified_gmt":"2024-02-02T16:38:24","slug":"renes-3","status":"publish","type":"product","link":"https:\/\/tattini.dotstage.net\/fr\/produit\/renes-3\/","title":{"rendered":"R\u00eanes"},"content":{"rendered":"","protected":false},"excerpt":{"rendered":"<p>En cuir gain\u00e9 caoutchouc ton sur ton, bouclerie acier inox. S\u00e9rie \u00e9conomique.<\/p>\n","protected":false},"featured_media":15697,"template":"","meta":[],"product_cat":[876,888],"product_tag":[],"_links":{"self":[{"href":"https:\/\/tattini.dotstage.net\/fr\/wp-json\/wp\/v2\/product\/31235"}],"collection":[{"href":"https:\/\/tattini.dotstage.net\/fr\/wp-json\/wp\/v2\/product"}],"about":[{"href":"https:\/\/tattini.dotstage.net\/fr\/wp-json\/wp\/v2\/types\/product"}],"version-history":[{"count":0,"href":"https:\/\/tattini.dotstage.net\/fr\/wp-json\/wp\/v2\/product\/31235\/revisions"}],"wp:featuredmedia":[{"embeddable":true,"href":"https:\/\/tattini.dotstage.net\/fr\/wp-json\/wp\/v2\/media\/15697"}],"wp:attachment":[{"href":"https:\/\/tattini.dotstage.net\/fr\/wp-json\/wp\/v2\/media?parent=31235"}],"wp:term":[{"taxonomy":"product_cat","embeddable":true,"href":"https:\/\/tattini.dotstage.net\/fr\/wp-json\/wp\/v2\/product_cat?post=31235"},{"taxonomy":"product_tag","embeddable":true,"href":"https:\/\/tattini.dotstage.net\/fr\/wp-json\/wp\/v2\/product_tag?post=31235"}],"curies":[{"name":"wp","href":"https:\/\/api.w.org\/{rel}","templated":true}]}}