{"id":31171,"date":"2023-10-31T10:38:52","date_gmt":"2023-10-31T10:38:52","guid":{"rendered":"https:\/\/tattini.dotstage.net\/prodotto\/les-renes-5-8-de-brad-rens-en-cuir-americain-graisse\/"},"modified":"2024-02-02T16:38:24","modified_gmt":"2024-02-02T16:38:24","slug":"renes-brad-rens-5-8-cuir-americain-engraisse","status":"publish","type":"product","link":"https:\/\/tattini.dotstage.net\/fr\/produit\/renes-brad-rens-5-8-cuir-americain-engraisse\/","title":{"rendered":"Renes Brad Ren&rsquo;s 5\/8&Prime; cuir americain engraisse"},"content":{"rendered":"","protected":false},"excerpt":{"rendered":"<p>En cuir am\u00e9ricain engraiss\u00e9. Assorties \u00e0 les t\u00eati\u00e8res 1495199 et 1495399.<\/p>\n","protected":false},"featured_media":15700,"template":"","meta":[],"product_cat":[903,915],"product_tag":[],"_links":{"self":[{"href":"https:\/\/tattini.dotstage.net\/fr\/wp-json\/wp\/v2\/product\/31171"}],"collection":[{"href":"https:\/\/tattini.dotstage.net\/fr\/wp-json\/wp\/v2\/product"}],"about":[{"href":"https:\/\/tattini.dotstage.net\/fr\/wp-json\/wp\/v2\/types\/product"}],"version-history":[{"count":0,"href":"https:\/\/tattini.dotstage.net\/fr\/wp-json\/wp\/v2\/product\/31171\/revisions"}],"wp:featuredmedia":[{"embeddable":true,"href":"https:\/\/tattini.dotstage.net\/fr\/wp-json\/wp\/v2\/media\/15700"}],"wp:attachment":[{"href":"https:\/\/tattini.dotstage.net\/fr\/wp-json\/wp\/v2\/media?parent=31171"}],"wp:term":[{"taxonomy":"product_cat","embeddable":true,"href":"https:\/\/tattini.dotstage.net\/fr\/wp-json\/wp\/v2\/product_cat?post=31171"},{"taxonomy":"product_tag","embeddable":true,"href":"https:\/\/tattini.dotstage.net\/fr\/wp-json\/wp\/v2\/product_tag?post=31171"}],"curies":[{"name":"wp","href":"https:\/\/api.w.org\/{rel}","templated":true}]}}