{"id":31118,"date":"2023-10-31T10:39:09","date_gmt":"2023-10-31T10:39:09","guid":{"rendered":"https:\/\/tattini.dotstage.net\/prodotto\/fourchette-daslo\/"},"modified":"2024-02-02T16:37:59","modified_gmt":"2024-02-02T16:37:59","slug":"fourchette-daslo","status":"publish","type":"product","link":"https:\/\/tattini.dotstage.net\/fr\/produit\/fourchette-daslo\/","title":{"rendered":"Fourchette Dasl\u00f6"},"content":{"rendered":"","protected":false},"excerpt":{"rendered":"<p>Pour martingale \u00e0 empi\u00e8cement triangulaire, bouclerie en acier.<\/p>\n","protected":false},"featured_media":15778,"template":"","meta":[],"product_cat":[876,888],"product_tag":[],"_links":{"self":[{"href":"https:\/\/tattini.dotstage.net\/fr\/wp-json\/wp\/v2\/product\/31118"}],"collection":[{"href":"https:\/\/tattini.dotstage.net\/fr\/wp-json\/wp\/v2\/product"}],"about":[{"href":"https:\/\/tattini.dotstage.net\/fr\/wp-json\/wp\/v2\/types\/product"}],"version-history":[{"count":0,"href":"https:\/\/tattini.dotstage.net\/fr\/wp-json\/wp\/v2\/product\/31118\/revisions"}],"wp:featuredmedia":[{"embeddable":true,"href":"https:\/\/tattini.dotstage.net\/fr\/wp-json\/wp\/v2\/media\/15778"}],"wp:attachment":[{"href":"https:\/\/tattini.dotstage.net\/fr\/wp-json\/wp\/v2\/media?parent=31118"}],"wp:term":[{"taxonomy":"product_cat","embeddable":true,"href":"https:\/\/tattini.dotstage.net\/fr\/wp-json\/wp\/v2\/product_cat?post=31118"},{"taxonomy":"product_tag","embeddable":true,"href":"https:\/\/tattini.dotstage.net\/fr\/wp-json\/wp\/v2\/product_tag?post=31118"}],"curies":[{"name":"wp","href":"https:\/\/api.w.org\/{rel}","templated":true}]}}