{"id":31111,"date":"2023-10-31T10:38:53","date_gmt":"2023-10-31T10:38:53","guid":{"rendered":"https:\/\/tattini.dotstage.net\/prodotto\/lacets-de-remplacement-de-brad-rens\/"},"modified":"2024-02-02T16:38:02","modified_gmt":"2024-02-02T16:38:02","slug":"lacets-de-rechange-cuir-engraisse-10","status":"publish","type":"product","link":"https:\/\/tattini.dotstage.net\/fr\/produit\/lacets-de-rechange-cuir-engraisse-10\/","title":{"rendered":"Lacets de rechange cuir engraisse (10)"},"content":{"rendered":"","protected":false},"excerpt":{"rendered":"<p>Pour t\u00eati\u00e8res en cuir am\u00e9ricain engraiss\u00e9. Lot de 10 pi\u00e8ces.<\/p>\n","protected":false},"featured_media":15706,"template":"","meta":[],"product_cat":[903,915],"product_tag":[],"_links":{"self":[{"href":"https:\/\/tattini.dotstage.net\/fr\/wp-json\/wp\/v2\/product\/31111"}],"collection":[{"href":"https:\/\/tattini.dotstage.net\/fr\/wp-json\/wp\/v2\/product"}],"about":[{"href":"https:\/\/tattini.dotstage.net\/fr\/wp-json\/wp\/v2\/types\/product"}],"version-history":[{"count":0,"href":"https:\/\/tattini.dotstage.net\/fr\/wp-json\/wp\/v2\/product\/31111\/revisions"}],"wp:featuredmedia":[{"embeddable":true,"href":"https:\/\/tattini.dotstage.net\/fr\/wp-json\/wp\/v2\/media\/15706"}],"wp:attachment":[{"href":"https:\/\/tattini.dotstage.net\/fr\/wp-json\/wp\/v2\/media?parent=31111"}],"wp:term":[{"taxonomy":"product_cat","embeddable":true,"href":"https:\/\/tattini.dotstage.net\/fr\/wp-json\/wp\/v2\/product_cat?post=31111"},{"taxonomy":"product_tag","embeddable":true,"href":"https:\/\/tattini.dotstage.net\/fr\/wp-json\/wp\/v2\/product_tag?post=31111"}],"curies":[{"name":"wp","href":"https:\/\/api.w.org\/{rel}","templated":true}]}}