{"id":31085,"date":"2023-10-31T10:38:54","date_gmt":"2023-10-31T10:38:54","guid":{"rendered":"https:\/\/tattini.dotstage.net\/prodotto\/le-tattini-reprend-le-flambeau\/"},"modified":"2024-02-02T16:38:01","modified_gmt":"2024-02-02T16:38:01","slug":"renes-tattini","status":"publish","type":"product","link":"https:\/\/tattini.dotstage.net\/fr\/produit\/renes-tattini\/","title":{"rendered":"R\u00eanes Tattini"},"content":{"rendered":"","protected":false},"excerpt":{"rendered":"<p>En caoutchouc souple, int\u00e9rieur synth\u00e9tique, avec arr\u00eates en cuir tous les 5 cm.<\/p>\n","protected":false},"featured_media":15712,"template":"","meta":[],"product_cat":[876,888],"product_tag":[],"_links":{"self":[{"href":"https:\/\/tattini.dotstage.net\/fr\/wp-json\/wp\/v2\/product\/31085"}],"collection":[{"href":"https:\/\/tattini.dotstage.net\/fr\/wp-json\/wp\/v2\/product"}],"about":[{"href":"https:\/\/tattini.dotstage.net\/fr\/wp-json\/wp\/v2\/types\/product"}],"version-history":[{"count":0,"href":"https:\/\/tattini.dotstage.net\/fr\/wp-json\/wp\/v2\/product\/31085\/revisions"}],"wp:featuredmedia":[{"embeddable":true,"href":"https:\/\/tattini.dotstage.net\/fr\/wp-json\/wp\/v2\/media\/15712"}],"wp:attachment":[{"href":"https:\/\/tattini.dotstage.net\/fr\/wp-json\/wp\/v2\/media?parent=31085"}],"wp:term":[{"taxonomy":"product_cat","embeddable":true,"href":"https:\/\/tattini.dotstage.net\/fr\/wp-json\/wp\/v2\/product_cat?post=31085"},{"taxonomy":"product_tag","embeddable":true,"href":"https:\/\/tattini.dotstage.net\/fr\/wp-json\/wp\/v2\/product_tag?post=31085"}],"curies":[{"name":"wp","href":"https:\/\/api.w.org\/{rel}","templated":true}]}}