{"id":31014,"date":"2023-10-31T10:39:48","date_gmt":"2023-10-31T10:39:48","guid":{"rendered":"https:\/\/tattini.dotstage.net\/prodotto\/finition-simple-en-epi-complete\/"},"modified":"2024-02-02T16:37:30","modified_gmt":"2024-02-02T16:37:30","slug":"harnais-individuel-cob-full","status":"publish","type":"product","link":"https:\/\/tattini.dotstage.net\/fr\/produit\/harnais-individuel-cob-full\/","title":{"rendered":"Harnais individuel cob\/full"},"content":{"rendered":"","protected":false},"excerpt":{"rendered":"<p>En solide cuir double \u00e9paisseur renforc\u00e9 nylon aux endroits les plus sollicit\u00e9s. Fourni avec: t\u00eati\u00e8re avec oeill\u00e8res, r\u00eanes, bricole, sellette, traits, croupi\u00e8re et avaloire.<\/p>\n","protected":false},"featured_media":16015,"template":"","meta":[],"product_cat":[861,873],"product_tag":[],"_links":{"self":[{"href":"https:\/\/tattini.dotstage.net\/fr\/wp-json\/wp\/v2\/product\/31014"}],"collection":[{"href":"https:\/\/tattini.dotstage.net\/fr\/wp-json\/wp\/v2\/product"}],"about":[{"href":"https:\/\/tattini.dotstage.net\/fr\/wp-json\/wp\/v2\/types\/product"}],"version-history":[{"count":0,"href":"https:\/\/tattini.dotstage.net\/fr\/wp-json\/wp\/v2\/product\/31014\/revisions"}],"wp:featuredmedia":[{"embeddable":true,"href":"https:\/\/tattini.dotstage.net\/fr\/wp-json\/wp\/v2\/media\/16015"}],"wp:attachment":[{"href":"https:\/\/tattini.dotstage.net\/fr\/wp-json\/wp\/v2\/media?parent=31014"}],"wp:term":[{"taxonomy":"product_cat","embeddable":true,"href":"https:\/\/tattini.dotstage.net\/fr\/wp-json\/wp\/v2\/product_cat?post=31014"},{"taxonomy":"product_tag","embeddable":true,"href":"https:\/\/tattini.dotstage.net\/fr\/wp-json\/wp\/v2\/product_tag?post=31014"}],"curies":[{"name":"wp","href":"https:\/\/api.w.org\/{rel}","templated":true}]}}