{"id":30988,"date":"2023-10-31T10:39:49","date_gmt":"2023-10-31T10:39:49","guid":{"rendered":"https:\/\/tattini.dotstage.net\/prodotto\/equipe-dune-feuille-daluminium\/"},"modified":"2024-02-02T16:37:30","modified_gmt":"2024-02-02T16:37:30","slug":"harnais-attelage-double","status":"publish","type":"product","link":"https:\/\/tattini.dotstage.net\/fr\/produit\/harnais-attelage-double\/","title":{"rendered":"Harnais attelage double"},"content":{"rendered":"","protected":false},"excerpt":{"rendered":"<p>En solide cuir double \u00e9paisseur renforc\u00e9 nylon aux endroits les plus sollicit\u00e9s.<\/p>\n","protected":false},"featured_media":16021,"template":"","meta":[],"product_cat":[861,873],"product_tag":[],"_links":{"self":[{"href":"https:\/\/tattini.dotstage.net\/fr\/wp-json\/wp\/v2\/product\/30988"}],"collection":[{"href":"https:\/\/tattini.dotstage.net\/fr\/wp-json\/wp\/v2\/product"}],"about":[{"href":"https:\/\/tattini.dotstage.net\/fr\/wp-json\/wp\/v2\/types\/product"}],"version-history":[{"count":0,"href":"https:\/\/tattini.dotstage.net\/fr\/wp-json\/wp\/v2\/product\/30988\/revisions"}],"wp:featuredmedia":[{"embeddable":true,"href":"https:\/\/tattini.dotstage.net\/fr\/wp-json\/wp\/v2\/media\/16021"}],"wp:attachment":[{"href":"https:\/\/tattini.dotstage.net\/fr\/wp-json\/wp\/v2\/media?parent=30988"}],"wp:term":[{"taxonomy":"product_cat","embeddable":true,"href":"https:\/\/tattini.dotstage.net\/fr\/wp-json\/wp\/v2\/product_cat?post=30988"},{"taxonomy":"product_tag","embeddable":true,"href":"https:\/\/tattini.dotstage.net\/fr\/wp-json\/wp\/v2\/product_tag?post=30988"}],"curies":[{"name":"wp","href":"https:\/\/api.w.org\/{rel}","templated":true}]}}