{"id":30900,"date":"2023-10-31T10:39:51","date_gmt":"2023-10-31T10:39:51","guid":{"rendered":"https:\/\/tattini.dotstage.net\/prodotto\/daslo-garniture-simple-pour-2-roues\/"},"modified":"2024-02-02T16:37:29","modified_gmt":"2024-02-02T16:37:29","slug":"daslo-harnais-pour-voiture-2-roues","status":"publish","type":"product","link":"https:\/\/tattini.dotstage.net\/fr\/produit\/daslo-harnais-pour-voiture-2-roues\/","title":{"rendered":"Daslo harnais pour voiture 2 roues"},"content":{"rendered":"","protected":false},"excerpt":{"rendered":"<p>En cuir engraiss\u00e9 de qualit\u00e9 renforc\u00e9 en nylon, bouclerie en laiton avec ardillon en acier. Complet avec t\u00eati\u00e8re, r\u00eanes, sellette croupi\u00e8re et avaloire. Livr\u00e9 avec \u00e9tui en toile.<\/p>\n","protected":false},"featured_media":16033,"template":"","meta":[],"product_cat":[861,873],"product_tag":[],"_links":{"self":[{"href":"https:\/\/tattini.dotstage.net\/fr\/wp-json\/wp\/v2\/product\/30900"}],"collection":[{"href":"https:\/\/tattini.dotstage.net\/fr\/wp-json\/wp\/v2\/product"}],"about":[{"href":"https:\/\/tattini.dotstage.net\/fr\/wp-json\/wp\/v2\/types\/product"}],"version-history":[{"count":0,"href":"https:\/\/tattini.dotstage.net\/fr\/wp-json\/wp\/v2\/product\/30900\/revisions"}],"wp:featuredmedia":[{"embeddable":true,"href":"https:\/\/tattini.dotstage.net\/fr\/wp-json\/wp\/v2\/media\/16033"}],"wp:attachment":[{"href":"https:\/\/tattini.dotstage.net\/fr\/wp-json\/wp\/v2\/media?parent=30900"}],"wp:term":[{"taxonomy":"product_cat","embeddable":true,"href":"https:\/\/tattini.dotstage.net\/fr\/wp-json\/wp\/v2\/product_cat?post=30900"},{"taxonomy":"product_tag","embeddable":true,"href":"https:\/\/tattini.dotstage.net\/fr\/wp-json\/wp\/v2\/product_tag?post=30900"}],"curies":[{"name":"wp","href":"https:\/\/api.w.org\/{rel}","templated":true}]}}