{"id":30812,"date":"2023-10-31T10:39:52","date_gmt":"2023-10-31T10:39:52","guid":{"rendered":"https:\/\/tattini.dotstage.net\/prodotto\/harnais-de-trot-daslo\/"},"modified":"2024-02-02T16:37:29","modified_gmt":"2024-02-02T16:37:29","slug":"harnais-de-trot-daslo","status":"publish","type":"product","link":"https:\/\/tattini.dotstage.net\/fr\/produit\/harnais-de-trot-daslo\/","title":{"rendered":"Harnais de trot Dasl\u00f6"},"content":{"rendered":"","protected":false},"excerpt":{"rendered":"<p>En PVC de haute qualit\u00e9, fourni avec t\u00eati\u00e8re, sellette et sous-sellette, sangle en caoutchouc, deux paires de r\u00eanes \u00e0 poign\u00e9e longueur 3,75 et 4,70 m\u00e8tres, martingale et sous-queue.<\/p>\n","protected":false},"featured_media":16036,"template":"","meta":[],"product_cat":[861,873],"product_tag":[],"_links":{"self":[{"href":"https:\/\/tattini.dotstage.net\/fr\/wp-json\/wp\/v2\/product\/30812"}],"collection":[{"href":"https:\/\/tattini.dotstage.net\/fr\/wp-json\/wp\/v2\/product"}],"about":[{"href":"https:\/\/tattini.dotstage.net\/fr\/wp-json\/wp\/v2\/types\/product"}],"version-history":[{"count":0,"href":"https:\/\/tattini.dotstage.net\/fr\/wp-json\/wp\/v2\/product\/30812\/revisions"}],"wp:featuredmedia":[{"embeddable":true,"href":"https:\/\/tattini.dotstage.net\/fr\/wp-json\/wp\/v2\/media\/16036"}],"wp:attachment":[{"href":"https:\/\/tattini.dotstage.net\/fr\/wp-json\/wp\/v2\/media?parent=30812"}],"wp:term":[{"taxonomy":"product_cat","embeddable":true,"href":"https:\/\/tattini.dotstage.net\/fr\/wp-json\/wp\/v2\/product_cat?post=30812"},{"taxonomy":"product_tag","embeddable":true,"href":"https:\/\/tattini.dotstage.net\/fr\/wp-json\/wp\/v2\/product_tag?post=30812"}],"curies":[{"name":"wp","href":"https:\/\/api.w.org\/{rel}","templated":true}]}}