{"id":30751,"date":"2023-10-31T10:40:18","date_gmt":"2023-10-31T10:40:18","guid":{"rendered":"https:\/\/tattini.dotstage.net\/prodotto\/cap-daslo-2\/"},"modified":"2024-02-02T16:37:24","modified_gmt":"2024-02-02T16:37:24","slug":"licol-daslo-2","status":"publish","type":"product","link":"https:\/\/tattini.dotstage.net\/fr\/produit\/licol-daslo-2\/","title":{"rendered":"Licol Dasl\u00f6"},"content":{"rendered":"","protected":false},"excerpt":{"rendered":"<p>En nylon double \u00e9paisseur, doubl\u00e9 en nubuck, bouclerie, \u0153illets et mousqueton en m\u00e9tal cuivre et double r\u00e9glage.<\/p>\n","protected":false},"featured_media":16195,"template":"","meta":[],"product_cat":[861,864],"product_tag":[],"_links":{"self":[{"href":"https:\/\/tattini.dotstage.net\/fr\/wp-json\/wp\/v2\/product\/30751"}],"collection":[{"href":"https:\/\/tattini.dotstage.net\/fr\/wp-json\/wp\/v2\/product"}],"about":[{"href":"https:\/\/tattini.dotstage.net\/fr\/wp-json\/wp\/v2\/types\/product"}],"version-history":[{"count":0,"href":"https:\/\/tattini.dotstage.net\/fr\/wp-json\/wp\/v2\/product\/30751\/revisions"}],"wp:featuredmedia":[{"embeddable":true,"href":"https:\/\/tattini.dotstage.net\/fr\/wp-json\/wp\/v2\/media\/16195"}],"wp:attachment":[{"href":"https:\/\/tattini.dotstage.net\/fr\/wp-json\/wp\/v2\/media?parent=30751"}],"wp:term":[{"taxonomy":"product_cat","embeddable":true,"href":"https:\/\/tattini.dotstage.net\/fr\/wp-json\/wp\/v2\/product_cat?post=30751"},{"taxonomy":"product_tag","embeddable":true,"href":"https:\/\/tattini.dotstage.net\/fr\/wp-json\/wp\/v2\/product_tag?post=30751"}],"curies":[{"name":"wp","href":"https:\/\/api.w.org\/{rel}","templated":true}]}}