{"id":30653,"date":"2023-10-31T10:40:19","date_gmt":"2023-10-31T10:40:19","guid":{"rendered":"https:\/\/tattini.dotstage.net\/prodotto\/teton-de-tattini\/"},"modified":"2024-02-02T16:37:24","modified_gmt":"2024-02-02T16:37:24","slug":"longe-tattini-3","status":"publish","type":"product","link":"https:\/\/tattini.dotstage.net\/fr\/produit\/longe-tattini-3\/","title":{"rendered":"Longe Tattini"},"content":{"rendered":"","protected":false},"excerpt":{"rendered":"<p>Dans le nouveau cuir tann\u00e9 100% v\u00e9g\u00e9tale, sans chrome, sans substances nocives et non allerg\u00e8ne. Rembourr\u00e9 avec double bomb\u00e9 et insigne m\u00e9tallique.<\/p>\n","protected":false},"featured_media":16198,"template":"","meta":[],"product_cat":[861,864],"product_tag":[],"_links":{"self":[{"href":"https:\/\/tattini.dotstage.net\/fr\/wp-json\/wp\/v2\/product\/30653"}],"collection":[{"href":"https:\/\/tattini.dotstage.net\/fr\/wp-json\/wp\/v2\/product"}],"about":[{"href":"https:\/\/tattini.dotstage.net\/fr\/wp-json\/wp\/v2\/types\/product"}],"version-history":[{"count":0,"href":"https:\/\/tattini.dotstage.net\/fr\/wp-json\/wp\/v2\/product\/30653\/revisions"}],"wp:featuredmedia":[{"embeddable":true,"href":"https:\/\/tattini.dotstage.net\/fr\/wp-json\/wp\/v2\/media\/16198"}],"wp:attachment":[{"href":"https:\/\/tattini.dotstage.net\/fr\/wp-json\/wp\/v2\/media?parent=30653"}],"wp:term":[{"taxonomy":"product_cat","embeddable":true,"href":"https:\/\/tattini.dotstage.net\/fr\/wp-json\/wp\/v2\/product_cat?post=30653"},{"taxonomy":"product_tag","embeddable":true,"href":"https:\/\/tattini.dotstage.net\/fr\/wp-json\/wp\/v2\/product_tag?post=30653"}],"curies":[{"name":"wp","href":"https:\/\/api.w.org\/{rel}","templated":true}]}}