{"id":30485,"date":"2023-10-31T10:40:22","date_gmt":"2023-10-31T10:40:22","guid":{"rendered":"https:\/\/tattini.dotstage.net\/prodotto\/pantalon-femme-tattini-petunia\/"},"modified":"2024-02-02T16:37:24","modified_gmt":"2024-02-02T16:37:24","slug":"culottes-tattini-femme-petunia","status":"publish","type":"product","link":"https:\/\/tattini.dotstage.net\/fr\/produit\/culottes-tattini-femme-petunia\/","title":{"rendered":"Culottes Tattini femme Petunia"},"content":{"rendered":"","protected":false},"excerpt":{"rendered":"<p>Mod\u00e8le avec doubles coupes verticales lat\u00e9rales et coutures en contraste \u00e0 zigzag, doubles poches avant obliques zipp\u00e9es, faux poches arri\u00e8re \u00e0 rabat brod\u00e9es \u00e0 \u201cpoint-cheval\u201d, antid\u00e9rapant long en silicone. En tissu technique de microfibre l\u00e9g\u00e8re, souple et confortable 39% coton, 52% nylon, 9% \u00e9lasthanne, 330 g de poids. Pourvues d\u2019insert \u00e9lastique \u00e0 la cheville, personnalis\u00e9es par l\u2019\u00e9criture Tattini en silicone le long de la jambe gauche et doublures des poches avec des d\u00e9corations florales.<\/p>\n","protected":false},"featured_media":16213,"template":"","meta":[],"product_cat":[828,846,771],"product_tag":[],"_links":{"self":[{"href":"https:\/\/tattini.dotstage.net\/fr\/wp-json\/wp\/v2\/product\/30485"}],"collection":[{"href":"https:\/\/tattini.dotstage.net\/fr\/wp-json\/wp\/v2\/product"}],"about":[{"href":"https:\/\/tattini.dotstage.net\/fr\/wp-json\/wp\/v2\/types\/product"}],"version-history":[{"count":0,"href":"https:\/\/tattini.dotstage.net\/fr\/wp-json\/wp\/v2\/product\/30485\/revisions"}],"wp:featuredmedia":[{"embeddable":true,"href":"https:\/\/tattini.dotstage.net\/fr\/wp-json\/wp\/v2\/media\/16213"}],"wp:attachment":[{"href":"https:\/\/tattini.dotstage.net\/fr\/wp-json\/wp\/v2\/media?parent=30485"}],"wp:term":[{"taxonomy":"product_cat","embeddable":true,"href":"https:\/\/tattini.dotstage.net\/fr\/wp-json\/wp\/v2\/product_cat?post=30485"},{"taxonomy":"product_tag","embeddable":true,"href":"https:\/\/tattini.dotstage.net\/fr\/wp-json\/wp\/v2\/product_tag?post=30485"}],"curies":[{"name":"wp","href":"https:\/\/api.w.org\/{rel}","templated":true}]}}