{"id":30344,"date":"2023-10-31T10:40:23","date_gmt":"2023-10-31T10:40:23","guid":{"rendered":"https:\/\/tattini.dotstage.net\/prodotto\/cap-daslo\/"},"modified":"2024-02-02T16:37:23","modified_gmt":"2024-02-02T16:37:23","slug":"licol-daslo","status":"publish","type":"product","link":"https:\/\/tattini.dotstage.net\/fr\/produit\/licol-daslo\/","title":{"rendered":"Licol Dasl\u00f6"},"content":{"rendered":"","protected":false},"excerpt":{"rendered":"<p>En nylon double \u00e9paisseur, doubl\u00e9 en mouton synth\u00e9tique, bouclerie en nickel.<\/p>\n","protected":false},"featured_media":16219,"template":"","meta":[],"product_cat":[861,864],"product_tag":[],"_links":{"self":[{"href":"https:\/\/tattini.dotstage.net\/fr\/wp-json\/wp\/v2\/product\/30344"}],"collection":[{"href":"https:\/\/tattini.dotstage.net\/fr\/wp-json\/wp\/v2\/product"}],"about":[{"href":"https:\/\/tattini.dotstage.net\/fr\/wp-json\/wp\/v2\/types\/product"}],"version-history":[{"count":0,"href":"https:\/\/tattini.dotstage.net\/fr\/wp-json\/wp\/v2\/product\/30344\/revisions"}],"wp:featuredmedia":[{"embeddable":true,"href":"https:\/\/tattini.dotstage.net\/fr\/wp-json\/wp\/v2\/media\/16219"}],"wp:attachment":[{"href":"https:\/\/tattini.dotstage.net\/fr\/wp-json\/wp\/v2\/media?parent=30344"}],"wp:term":[{"taxonomy":"product_cat","embeddable":true,"href":"https:\/\/tattini.dotstage.net\/fr\/wp-json\/wp\/v2\/product_cat?post=30344"},{"taxonomy":"product_tag","embeddable":true,"href":"https:\/\/tattini.dotstage.net\/fr\/wp-json\/wp\/v2\/product_tag?post=30344"}],"curies":[{"name":"wp","href":"https:\/\/api.w.org\/{rel}","templated":true}]}}