{"id":30268,"date":"2023-10-31T10:40:23","date_gmt":"2023-10-31T10:40:23","guid":{"rendered":"https:\/\/tattini.dotstage.net\/prodotto\/daslo-gold-par-tattini-pantalon-femme-olimpia\/"},"modified":"2024-02-02T16:37:23","modified_gmt":"2024-02-02T16:37:23","slug":"culottes-daslo-gold-by-tattini-femme-olimpia","status":"publish","type":"product","link":"https:\/\/tattini.dotstage.net\/fr\/produit\/culottes-daslo-gold-by-tattini-femme-olimpia\/","title":{"rendered":"Culottes Dasl\u00f6 gold by Tattini femme Olimpia"},"content":{"rendered":"","protected":false},"excerpt":{"rendered":"<p>En microfibre 68% coton, 24% nylon, 8% \u00e9lasthanne 330 gr de poids. Poches avant \u00e0 l\u2019am\u00e9ricaine, poches arri\u00e8re passepoil\u00e9es, coupe anatomique arri\u00e8re, antid\u00e9rapant en silicone \u00e0 pois au genou. Avec insert \u00e9lastique \u00e0 la cheville, personnalis\u00e9es par un label Daslo Gold en tissu sur le cot\u00e9 gauche.<\/p>\n","protected":false},"featured_media":16216,"template":"","meta":[],"product_cat":[828,846,771],"product_tag":[],"_links":{"self":[{"href":"https:\/\/tattini.dotstage.net\/fr\/wp-json\/wp\/v2\/product\/30268"}],"collection":[{"href":"https:\/\/tattini.dotstage.net\/fr\/wp-json\/wp\/v2\/product"}],"about":[{"href":"https:\/\/tattini.dotstage.net\/fr\/wp-json\/wp\/v2\/types\/product"}],"version-history":[{"count":0,"href":"https:\/\/tattini.dotstage.net\/fr\/wp-json\/wp\/v2\/product\/30268\/revisions"}],"wp:featuredmedia":[{"embeddable":true,"href":"https:\/\/tattini.dotstage.net\/fr\/wp-json\/wp\/v2\/media\/16216"}],"wp:attachment":[{"href":"https:\/\/tattini.dotstage.net\/fr\/wp-json\/wp\/v2\/media?parent=30268"}],"wp:term":[{"taxonomy":"product_cat","embeddable":true,"href":"https:\/\/tattini.dotstage.net\/fr\/wp-json\/wp\/v2\/product_cat?post=30268"},{"taxonomy":"product_tag","embeddable":true,"href":"https:\/\/tattini.dotstage.net\/fr\/wp-json\/wp\/v2\/product_tag?post=30268"}],"curies":[{"name":"wp","href":"https:\/\/api.w.org\/{rel}","templated":true}]}}