{"id":30239,"date":"2023-10-31T10:39:57","date_gmt":"2023-10-31T10:39:57","guid":{"rendered":"https:\/\/tattini.dotstage.net\/prodotto\/anneaux\/"},"modified":"2024-02-02T16:37:28","modified_gmt":"2024-02-02T16:37:28","slug":"anneaux","status":"publish","type":"product","link":"https:\/\/tattini.dotstage.net\/fr\/produit\/anneaux\/","title":{"rendered":"Anneaux"},"content":{"rendered":"","protected":false},"excerpt":{"rendered":"<p>\u00c9lastiques pour \u00e9triers de s\u00e9curit\u00e9.<\/p>\n","protected":false},"featured_media":16066,"template":"","meta":[],"product_cat":[879,876],"product_tag":[],"_links":{"self":[{"href":"https:\/\/tattini.dotstage.net\/fr\/wp-json\/wp\/v2\/product\/30239"}],"collection":[{"href":"https:\/\/tattini.dotstage.net\/fr\/wp-json\/wp\/v2\/product"}],"about":[{"href":"https:\/\/tattini.dotstage.net\/fr\/wp-json\/wp\/v2\/types\/product"}],"version-history":[{"count":0,"href":"https:\/\/tattini.dotstage.net\/fr\/wp-json\/wp\/v2\/product\/30239\/revisions"}],"wp:featuredmedia":[{"embeddable":true,"href":"https:\/\/tattini.dotstage.net\/fr\/wp-json\/wp\/v2\/media\/16066"}],"wp:attachment":[{"href":"https:\/\/tattini.dotstage.net\/fr\/wp-json\/wp\/v2\/media?parent=30239"}],"wp:term":[{"taxonomy":"product_cat","embeddable":true,"href":"https:\/\/tattini.dotstage.net\/fr\/wp-json\/wp\/v2\/product_cat?post=30239"},{"taxonomy":"product_tag","embeddable":true,"href":"https:\/\/tattini.dotstage.net\/fr\/wp-json\/wp\/v2\/product_tag?post=30239"}],"curies":[{"name":"wp","href":"https:\/\/api.w.org\/{rel}","templated":true}]}}