{"id":30183,"date":"2023-10-31T10:40:24","date_gmt":"2023-10-31T10:40:24","guid":{"rendered":"https:\/\/tattini.dotstage.net\/prodotto\/tetine-en-nylon\/"},"modified":"2024-02-02T16:37:23","modified_gmt":"2024-02-02T16:37:23","slug":"licol-nylon","status":"publish","type":"product","link":"https:\/\/tattini.dotstage.net\/fr\/produit\/licol-nylon\/","title":{"rendered":"Licol nylon"},"content":{"rendered":"","protected":false},"excerpt":{"rendered":"<p>Mousqueton et r\u00e9glage \u00e0 la t\u00eati\u00e8re, bouclerie \u00e0 embout. <\/p>\n","protected":false},"featured_media":16222,"template":"","meta":[],"product_cat":[861,864],"product_tag":[],"_links":{"self":[{"href":"https:\/\/tattini.dotstage.net\/fr\/wp-json\/wp\/v2\/product\/30183"}],"collection":[{"href":"https:\/\/tattini.dotstage.net\/fr\/wp-json\/wp\/v2\/product"}],"about":[{"href":"https:\/\/tattini.dotstage.net\/fr\/wp-json\/wp\/v2\/types\/product"}],"version-history":[{"count":0,"href":"https:\/\/tattini.dotstage.net\/fr\/wp-json\/wp\/v2\/product\/30183\/revisions"}],"wp:featuredmedia":[{"embeddable":true,"href":"https:\/\/tattini.dotstage.net\/fr\/wp-json\/wp\/v2\/media\/16222"}],"wp:attachment":[{"href":"https:\/\/tattini.dotstage.net\/fr\/wp-json\/wp\/v2\/media?parent=30183"}],"wp:term":[{"taxonomy":"product_cat","embeddable":true,"href":"https:\/\/tattini.dotstage.net\/fr\/wp-json\/wp\/v2\/product_cat?post=30183"},{"taxonomy":"product_tag","embeddable":true,"href":"https:\/\/tattini.dotstage.net\/fr\/wp-json\/wp\/v2\/product_tag?post=30183"}],"curies":[{"name":"wp","href":"https:\/\/api.w.org\/{rel}","templated":true}]}}