{"id":30031,"date":"2023-10-31T10:40:26","date_gmt":"2023-10-31T10:40:26","guid":{"rendered":"https:\/\/tattini.dotstage.net\/prodotto\/teton-tattini-rembourre\/"},"modified":"2024-02-02T16:37:22","modified_gmt":"2024-02-02T16:37:22","slug":"licol-tattini-avec-matelassure","status":"publish","type":"product","link":"https:\/\/tattini.dotstage.net\/fr\/produit\/licol-tattini-avec-matelassure\/","title":{"rendered":"LICOL TATTINI AVEC MATELASSURE"},"content":{"rendered":"","protected":false},"excerpt":{"rendered":"<p>En nylon double de haute qualit\u00e9, avec rembourrage en n\u00e9opr\u00e8ne aux points de majeur contact avec le museau du cheval (nez et sur-t\u00eate); bords en contraste de couleur, boucle et mousqueton en m\u00e9tal argent\u00e9 satin\u00e9, l\u00e9ger et durable. Assorti aux longes 2101499 et 2101899.<\/p>\n","protected":false},"featured_media":16234,"template":"","meta":[],"product_cat":[861,864],"product_tag":[],"_links":{"self":[{"href":"https:\/\/tattini.dotstage.net\/fr\/wp-json\/wp\/v2\/product\/30031"}],"collection":[{"href":"https:\/\/tattini.dotstage.net\/fr\/wp-json\/wp\/v2\/product"}],"about":[{"href":"https:\/\/tattini.dotstage.net\/fr\/wp-json\/wp\/v2\/types\/product"}],"version-history":[{"count":0,"href":"https:\/\/tattini.dotstage.net\/fr\/wp-json\/wp\/v2\/product\/30031\/revisions"}],"wp:featuredmedia":[{"embeddable":true,"href":"https:\/\/tattini.dotstage.net\/fr\/wp-json\/wp\/v2\/media\/16234"}],"wp:attachment":[{"href":"https:\/\/tattini.dotstage.net\/fr\/wp-json\/wp\/v2\/media?parent=30031"}],"wp:term":[{"taxonomy":"product_cat","embeddable":true,"href":"https:\/\/tattini.dotstage.net\/fr\/wp-json\/wp\/v2\/product_cat?post=30031"},{"taxonomy":"product_tag","embeddable":true,"href":"https:\/\/tattini.dotstage.net\/fr\/wp-json\/wp\/v2\/product_tag?post=30031"}],"curies":[{"name":"wp","href":"https:\/\/api.w.org\/{rel}","templated":true}]}}