{"id":29976,"date":"2023-10-31T10:40:26","date_gmt":"2023-10-31T10:40:26","guid":{"rendered":"https:\/\/tattini.dotstage.net\/prodotto\/ensemble-daslo-avec-dos-nu-et-longue-ligne\/"},"modified":"2024-02-02T16:37:22","modified_gmt":"2024-02-02T16:37:22","slug":"set-daslo-licol-surpique-longe","status":"publish","type":"product","link":"https:\/\/tattini.dotstage.net\/fr\/produit\/set-daslo-licol-surpique-longe\/","title":{"rendered":"SET DASLO LICOL SURPIQUE + LONGE"},"content":{"rendered":"","protected":false},"excerpt":{"rendered":"<p>Ensemble compos\u00e9 de licol en nylon rembourr\u00e9 et de longe en nylon avec boucles de qualit\u00e9. Emball\u00e9 dans une enveloppe transparente.<\/p>\n","protected":false},"featured_media":16231,"template":"","meta":[],"product_cat":[861,864],"product_tag":[],"_links":{"self":[{"href":"https:\/\/tattini.dotstage.net\/fr\/wp-json\/wp\/v2\/product\/29976"}],"collection":[{"href":"https:\/\/tattini.dotstage.net\/fr\/wp-json\/wp\/v2\/product"}],"about":[{"href":"https:\/\/tattini.dotstage.net\/fr\/wp-json\/wp\/v2\/types\/product"}],"version-history":[{"count":0,"href":"https:\/\/tattini.dotstage.net\/fr\/wp-json\/wp\/v2\/product\/29976\/revisions"}],"wp:featuredmedia":[{"embeddable":true,"href":"https:\/\/tattini.dotstage.net\/fr\/wp-json\/wp\/v2\/media\/16231"}],"wp:attachment":[{"href":"https:\/\/tattini.dotstage.net\/fr\/wp-json\/wp\/v2\/media?parent=29976"}],"wp:term":[{"taxonomy":"product_cat","embeddable":true,"href":"https:\/\/tattini.dotstage.net\/fr\/wp-json\/wp\/v2\/product_cat?post=29976"},{"taxonomy":"product_tag","embeddable":true,"href":"https:\/\/tattini.dotstage.net\/fr\/wp-json\/wp\/v2\/product_tag?post=29976"}],"curies":[{"name":"wp","href":"https:\/\/api.w.org\/{rel}","templated":true}]}}